{"id":1543,"date":"2022-11-27T15:43:04","date_gmt":"2022-11-27T14:43:04","guid":{"rendered":"https:\/\/educom.ch\/veranstaltungen\/"},"modified":"2025-10-15T13:31:56","modified_gmt":"2025-10-15T11:31:56","slug":"veranstaltungen","status":"publish","type":"page","link":"https:\/\/educom.ch\/de\/veranstaltungen\/","title":{"rendered":"Veranstaltungen"},"content":{"rendered":"\n\n\t\t<h1>\n\t\t\tEDUCOM Carol Panchaud\n\t\t\t\t\t\t\t\t\t\t\tTitre secondaire\n\t\t<\/h1>\n\t<p>Besuchen Sie unsere Veranstaltungen rund um die Bildung Ihrer Kinder. EDUCOM kommt nach Paris, Genf, Mailand und Rom, um im pers\u00f6nlichen Gespr\u00e4ch mit Ihnen die besten L\u00f6sungen f\u00fcr den Bildungsweg Ihrer Kinder zu finden.<\/p>\n\t<meta itemscope itemprop=\"mainEntityOfPage\" itemtype=\"https:\/\/schema.org\/WebPage\" itemid=\"http:\/\/1785\" content=\"Consultation Day on Summer Camps Paris\" \/><meta itemprop=\"datePublished\" content=\"2023-12-11\" \/><meta itemprop=\"dateModified\" content=\"2025-10-15\" \/><meta itemprop=\"name\" content=\"EDUCOM\"\/><meta itemprop=\"url\" content=\"https:\/\/educom.ch\/de\/author\/wavemind\/\" \/><meta itemprop=\"name\" content=\"wavemind\" \/><meta itemprop=\"interactionType\" content=\"https:\/\/schema.org\/CommentAction\" \/><meta itemprop=\"userInteractionCount\" content=\"0\" \/>\n    <h3><a href='https:\/\/educom.ch\/de\/consultation-day-on-summer-camps-paris\/' title='Consultation Day on Summer Camps Paris'>Consultation Day on Summer Camps Paris<\/a><\/h3>\n    31.01.2026 | 10h00 &#8211; 17h00\n    \tEDUCOM is delighted to invite you for a unique consultation day, to help you find the best summer camp for your child.\n    \t<a href=\"https:\/\/educom.ch\/de\/consultation-day-on-summer-camps-paris\/\">READ MORE<\/a>\n\t<meta itemscope itemprop=\"mainEntityOfPage\" itemtype=\"https:\/\/schema.org\/WebPage\" itemid=\"http:\/\/1796\" content=\"Consultation Day on Summer Camps Geneva\" \/><meta itemprop=\"datePublished\" content=\"2023-12-10\" \/><meta itemprop=\"dateModified\" content=\"2025-10-15\" \/><meta itemprop=\"name\" content=\"EDUCOM\"\/><meta itemprop=\"url\" content=\"https:\/\/educom.ch\/de\/author\/wavemind\/\" \/><meta itemprop=\"name\" content=\"wavemind\" \/><meta itemprop=\"interactionType\" content=\"https:\/\/schema.org\/CommentAction\" \/><meta itemprop=\"userInteractionCount\" content=\"0\" \/>\n    <h3><a href='https:\/\/educom.ch\/de\/consultation-day-on-summer-camps-geneva\/' title='Consultation Day on Summer Camps Geneva'>Consultation Day on Summer Camps Geneva<\/a><\/h3>\n    03.02.2026 | 9h00 &#8211; 15h30\n    \tEDUCOM is delighted to invite you for a unique consultation day, to help you find the best summer camp for your child.\n    \t<a href=\"https:\/\/educom.ch\/de\/consultation-day-on-summer-camps-geneva\/\">READ MORE<\/a>\n\t<meta itemscope itemprop=\"mainEntityOfPage\" itemtype=\"https:\/\/schema.org\/WebPage\" itemid=\"http:\/\/1805\" content=\"Consultation Day on Summer Camps Milan\" \/><meta itemprop=\"datePublished\" content=\"2023-12-09\" \/><meta itemprop=\"dateModified\" content=\"2025-10-15\" \/><meta itemprop=\"name\" content=\"EDUCOM\"\/><meta itemprop=\"url\" content=\"https:\/\/educom.ch\/de\/author\/wavemind\/\" \/><meta itemprop=\"name\" content=\"wavemind\" \/><meta itemprop=\"interactionType\" content=\"https:\/\/schema.org\/CommentAction\" \/><meta itemprop=\"userInteractionCount\" content=\"0\" \/>\n    <h3><a href='https:\/\/educom.ch\/de\/consultation-day-on-summer-camps-milan\/' title='Consultation Day on Summer Camps Milan'>Consultation Day on Summer Camps Milan<\/a><\/h3>\n    Retour en 2027\n    \tDue to the Olympic Games, EDUCOM will be holding one-to-one Consultations in Milan, at a later date. Our event at the Centro Svizzero will be back in 2027. \n    \t<a href=\"https:\/\/educom.ch\/de\/consultation-day-on-summer-camps-milan\/\">READ MORE<\/a>\n\t<meta itemscope itemprop=\"mainEntityOfPage\" itemtype=\"https:\/\/schema.org\/WebPage\" itemid=\"http:\/\/1814\" content=\"Consultation Day on Summer Camps Rome\" \/><meta itemprop=\"datePublished\" content=\"2023-12-08\" \/><meta itemprop=\"dateModified\" content=\"2025-10-15\" \/><meta itemprop=\"name\" content=\"EDUCOM\"\/><meta itemprop=\"url\" content=\"https:\/\/educom.ch\/de\/author\/wavemind\/\" \/><meta itemprop=\"name\" content=\"wavemind\" \/><meta itemprop=\"interactionType\" content=\"https:\/\/schema.org\/CommentAction\" \/><meta itemprop=\"userInteractionCount\" content=\"0\" \/>\n    <h3><a href='https:\/\/educom.ch\/de\/consultation-day-on-summer-camps-rome\/' title='Consultation Day on Summer Camps Rome'>Consultation Day on Summer Camps Rome<\/a><\/h3>\n    05.02.2026 | 10h00 &#8211; 17h00\n    \tEDUCOM is delighted to invite you for a unique consultation day, to help you find the best summer camp for your child.\n    \t<a href=\"https:\/\/educom.ch\/de\/consultation-day-on-summer-camps-rome\/\">READ MORE<\/a>\n\t\t<!-- .pp-content-posts -->\n\n","protected":false},"excerpt":{"rendered":"<p>EDUCOM Carol Panchaud Titre secondaire Besuchen Sie unsere Veranstaltungen rund um die Bildung Ihrer Kinder. EDUCOM kommt nach Paris, Genf, Mailand und Rom, um im pers\u00f6nlichen Gespr\u00e4ch mit Ihnen die besten L\u00f6sungen f\u00fcr den Bildungsweg Ihrer Kinder zu finden. Consultation Day on Summer Camps Paris 31.01.2026 | 10h00 &#8211; 17h00 EDUCOM is delighted to invite&hellip;<\/p>\n","protected":false},"author":1,"featured_media":0,"parent":0,"menu_order":0,"comment_status":"closed","ping_status":"closed","template":"","meta":{"_acf_changed":false,"footnotes":""},"class_list":["post-1543","page","type-page","status-publish","hentry"],"acf":[],"yoast_head":"<!-- This site is optimized with the Yoast SEO plugin v26.7 - https:\/\/yoast.com\/wordpress\/plugins\/seo\/ -->\n<title>Veranstaltungen - EDUCOM<\/title>\n<meta name=\"robots\" content=\"index, follow, max-snippet:-1, max-image-preview:large, max-video-preview:-1\" \/>\n<link rel=\"canonical\" href=\"https:\/\/educom.ch\/de\/veranstaltungen\/\" \/>\n<meta property=\"og:locale\" content=\"de_DE\" \/>\n<meta property=\"og:type\" content=\"article\" \/>\n<meta property=\"og:title\" content=\"Veranstaltungen - EDUCOM\" \/>\n<meta property=\"og:description\" content=\"EDUCOM Carol Panchaud Titre secondaire Besuchen Sie unsere Veranstaltungen rund um die Bildung Ihrer Kinder. EDUCOM kommt nach Paris, Genf, Mailand und Rom, um im pers\u00f6nlichen Gespr\u00e4ch mit Ihnen die besten L\u00f6sungen f\u00fcr den Bildungsweg Ihrer Kinder zu finden. Consultation Day on Summer Camps Paris 31.01.2026 | 10h00 &#8211; 17h00 EDUCOM is delighted to invite&hellip;\" \/>\n<meta property=\"og:url\" content=\"https:\/\/educom.ch\/de\/veranstaltungen\/\" \/>\n<meta property=\"og:site_name\" content=\"EDUCOM\" \/>\n<meta property=\"article:publisher\" content=\"https:\/\/www.facebook.com\/educom.ch\/\" \/>\n<meta property=\"article:modified_time\" content=\"2025-10-15T11:31:56+00:00\" \/>\n<meta name=\"twitter:card\" content=\"summary_large_image\" \/>\n<meta name=\"twitter:label1\" content=\"Gesch\u00e4tzte Lesezeit\" \/>\n\t<meta name=\"twitter:data1\" content=\"1\u00a0Minute\" \/>\n<script type=\"application\/ld+json\" class=\"yoast-schema-graph\">{\"@context\":\"https:\/\/schema.org\",\"@graph\":[{\"@type\":\"WebPage\",\"@id\":\"https:\/\/educom.ch\/de\/veranstaltungen\/\",\"url\":\"https:\/\/educom.ch\/de\/veranstaltungen\/\",\"name\":\"Veranstaltungen - EDUCOM\",\"isPartOf\":{\"@id\":\"https:\/\/educom.ch\/it\/#website\"},\"datePublished\":\"2022-11-27T14:43:04+00:00\",\"dateModified\":\"2025-10-15T11:31:56+00:00\",\"breadcrumb\":{\"@id\":\"https:\/\/educom.ch\/de\/veranstaltungen\/#breadcrumb\"},\"inLanguage\":\"de\",\"potentialAction\":[{\"@type\":\"ReadAction\",\"target\":[\"https:\/\/educom.ch\/de\/veranstaltungen\/\"]}]},{\"@type\":\"BreadcrumbList\",\"@id\":\"https:\/\/educom.ch\/de\/veranstaltungen\/#breadcrumb\",\"itemListElement\":[{\"@type\":\"ListItem\",\"position\":1,\"name\":\"Accueil\",\"item\":\"https:\/\/educom.ch\/de\/homepage\/\"},{\"@type\":\"ListItem\",\"position\":2,\"name\":\"Veranstaltungen\"}]},{\"@type\":\"WebSite\",\"@id\":\"https:\/\/educom.ch\/it\/#website\",\"url\":\"https:\/\/educom.ch\/it\/\",\"name\":\"EDUCOM\",\"description\":\"Conseils en Education Internationale\",\"publisher\":{\"@id\":\"https:\/\/educom.ch\/it\/#organization\"},\"potentialAction\":[{\"@type\":\"SearchAction\",\"target\":{\"@type\":\"EntryPoint\",\"urlTemplate\":\"https:\/\/educom.ch\/it\/?s={search_term_string}\"},\"query-input\":{\"@type\":\"PropertyValueSpecification\",\"valueRequired\":true,\"valueName\":\"search_term_string\"}}],\"inLanguage\":\"de\"},{\"@type\":\"Organization\",\"@id\":\"https:\/\/educom.ch\/it\/#organization\",\"name\":\"EDUCOM\",\"url\":\"https:\/\/educom.ch\/it\/\",\"logo\":{\"@type\":\"ImageObject\",\"inLanguage\":\"de\",\"@id\":\"https:\/\/educom.ch\/it\/#\/schema\/logo\/image\/\",\"url\":\"https:\/\/educom.ch\/wp-content\/uploads\/2022\/11\/logo-educom-white.svg\",\"contentUrl\":\"https:\/\/educom.ch\/wp-content\/uploads\/2022\/11\/logo-educom-white.svg\",\"width\":1,\"height\":1,\"caption\":\"EDUCOM\"},\"image\":{\"@id\":\"https:\/\/educom.ch\/it\/#\/schema\/logo\/image\/\"},\"sameAs\":[\"https:\/\/www.facebook.com\/educom.ch\/\"]}]}<\/script>\n<!-- \/ Yoast SEO plugin. -->","yoast_head_json":{"title":"Veranstaltungen - EDUCOM","robots":{"index":"index","follow":"follow","max-snippet":"max-snippet:-1","max-image-preview":"max-image-preview:large","max-video-preview":"max-video-preview:-1"},"canonical":"https:\/\/educom.ch\/de\/veranstaltungen\/","og_locale":"de_DE","og_type":"article","og_title":"Veranstaltungen - EDUCOM","og_description":"EDUCOM Carol Panchaud Titre secondaire Besuchen Sie unsere Veranstaltungen rund um die Bildung Ihrer Kinder. EDUCOM kommt nach Paris, Genf, Mailand und Rom, um im pers\u00f6nlichen Gespr\u00e4ch mit Ihnen die besten L\u00f6sungen f\u00fcr den Bildungsweg Ihrer Kinder zu finden. Consultation Day on Summer Camps Paris 31.01.2026 | 10h00 &#8211; 17h00 EDUCOM is delighted to invite&hellip;","og_url":"https:\/\/educom.ch\/de\/veranstaltungen\/","og_site_name":"EDUCOM","article_publisher":"https:\/\/www.facebook.com\/educom.ch\/","article_modified_time":"2025-10-15T11:31:56+00:00","twitter_card":"summary_large_image","twitter_misc":{"Gesch\u00e4tzte Lesezeit":"1\u00a0Minute"},"schema":{"@context":"https:\/\/schema.org","@graph":[{"@type":"WebPage","@id":"https:\/\/educom.ch\/de\/veranstaltungen\/","url":"https:\/\/educom.ch\/de\/veranstaltungen\/","name":"Veranstaltungen - EDUCOM","isPartOf":{"@id":"https:\/\/educom.ch\/it\/#website"},"datePublished":"2022-11-27T14:43:04+00:00","dateModified":"2025-10-15T11:31:56+00:00","breadcrumb":{"@id":"https:\/\/educom.ch\/de\/veranstaltungen\/#breadcrumb"},"inLanguage":"de","potentialAction":[{"@type":"ReadAction","target":["https:\/\/educom.ch\/de\/veranstaltungen\/"]}]},{"@type":"BreadcrumbList","@id":"https:\/\/educom.ch\/de\/veranstaltungen\/#breadcrumb","itemListElement":[{"@type":"ListItem","position":1,"name":"Accueil","item":"https:\/\/educom.ch\/de\/homepage\/"},{"@type":"ListItem","position":2,"name":"Veranstaltungen"}]},{"@type":"WebSite","@id":"https:\/\/educom.ch\/it\/#website","url":"https:\/\/educom.ch\/it\/","name":"EDUCOM","description":"Conseils en Education Internationale","publisher":{"@id":"https:\/\/educom.ch\/it\/#organization"},"potentialAction":[{"@type":"SearchAction","target":{"@type":"EntryPoint","urlTemplate":"https:\/\/educom.ch\/it\/?s={search_term_string}"},"query-input":{"@type":"PropertyValueSpecification","valueRequired":true,"valueName":"search_term_string"}}],"inLanguage":"de"},{"@type":"Organization","@id":"https:\/\/educom.ch\/it\/#organization","name":"EDUCOM","url":"https:\/\/educom.ch\/it\/","logo":{"@type":"ImageObject","inLanguage":"de","@id":"https:\/\/educom.ch\/it\/#\/schema\/logo\/image\/","url":"https:\/\/educom.ch\/wp-content\/uploads\/2022\/11\/logo-educom-white.svg","contentUrl":"https:\/\/educom.ch\/wp-content\/uploads\/2022\/11\/logo-educom-white.svg","width":1,"height":1,"caption":"EDUCOM"},"image":{"@id":"https:\/\/educom.ch\/it\/#\/schema\/logo\/image\/"},"sameAs":["https:\/\/www.facebook.com\/educom.ch\/"]}]}},"_links":{"self":[{"href":"https:\/\/educom.ch\/de\/wp-json\/wp\/v2\/pages\/1543","targetHints":{"allow":["GET"]}}],"collection":[{"href":"https:\/\/educom.ch\/de\/wp-json\/wp\/v2\/pages"}],"about":[{"href":"https:\/\/educom.ch\/de\/wp-json\/wp\/v2\/types\/page"}],"author":[{"embeddable":true,"href":"https:\/\/educom.ch\/de\/wp-json\/wp\/v2\/users\/1"}],"replies":[{"embeddable":true,"href":"https:\/\/educom.ch\/de\/wp-json\/wp\/v2\/comments?post=1543"}],"version-history":[{"count":2,"href":"https:\/\/educom.ch\/de\/wp-json\/wp\/v2\/pages\/1543\/revisions"}],"predecessor-version":[{"id":1932,"href":"https:\/\/educom.ch\/de\/wp-json\/wp\/v2\/pages\/1543\/revisions\/1932"}],"wp:attachment":[{"href":"https:\/\/educom.ch\/de\/wp-json\/wp\/v2\/media?parent=1543"}],"curies":[{"name":"wp","href":"https:\/\/api.w.org\/{rel}","templated":true}]}}