{"id":1357,"date":"2024-01-10T11:12:37","date_gmt":"2024-01-10T10:12:37","guid":{"rendered":"https:\/\/educom.ch\/external-collaborators\/"},"modified":"2024-05-13T20:26:47","modified_gmt":"2024-05-13T18:26:47","slug":"external-collaborators","status":"publish","type":"page","link":"https:\/\/educom.ch\/en\/external-collaborators\/","title":{"rendered":"External Collaborators"},"content":{"rendered":"\n\n\t\t<h1>\n\t\t\tAbout us\n\t\t\t\t\t\t\t\t\t\t\tTitre secondaire\n\t\t<\/h1>\n\t<p>To strengthen the team on various strategic markets, EDUCOM collaborates with local specialists who share the same passion for education. They support the team and help to develop EDUCOM&#8217;s client network. <\/p>\n\t\t\t\t<img loading=\"lazy\" decoding=\"async\" src=\"https:\/\/educom.ch\/wp-content\/uploads\/2024\/01\/Dagmar_Brenneisen.jpg\" alt=\"27.11.23 Dagmar Brenneisen aus Speyer ist freie Lektorin und \u00dcbersetzerin f\u00fcr die Sprachen Englisch, Franz\u00f6sisch und Deutsch\" itemprop=\"image\" height=\"800\" width=\"800\" title=\"Dagmar Brenneisen Speyer\" onerror=\"this.style.display='none'\"  \/>\n<h2>\n\t\tDagmar Brenneisen\n\t<\/h2>\n\t<p>International education has always been of great interest to Dagmar, mother of three sons. After her Master&#8217;s degree in Linguistics and Literature (English, French and Spanish) and her training as a secondary school teacher, Dagmar lived and taught in France, Switzerland and the US for several years. From 1999, she worked as an advisor for a German boarding school consultancy. Together with Carol Panchaud, she set up their Swiss office on Lake Geneva.   <\/p>\n<p>For the past twenty years, Dagmar has worked as a literary translator and continues to do so. In spring 2023, she had the opportunity to collaborate once again with Carol for EDUCOM, returning to educational counselling. Today, Dagmar offers her advice to parents and children in German speaking countries.  <\/p>\n\t\t\t\t<img loading=\"lazy\" decoding=\"async\" src=\"https:\/\/educom.ch\/wp-content\/uploads\/2024\/01\/Barbara_Zanon-1.jpg\" alt=\"Barbara_Zanon\" itemprop=\"image\" height=\"800\" width=\"800\" title=\"Barbara_Zanon\" onerror=\"this.style.display='none'\"  \/>\n<h2>\n\t\tBarbara Zanon\n\t<\/h2>\n\t<p>As a mother of four, Barbara was very involved on the PTA during her children&#8217;s school years. In addition, she holds a Bachelor in International Relations and a Master in Communication. Very active in the family business, she also did volunteer work in fundraising for the Swiss Red Cross.  <\/p>\n<p>Barbara met with Carol for advice on educational services and joined EDUCOM in 2008 to develop the Italian network. Although she lives in Switzerland for 40 years, her family and ties with Italy remain strong. <\/p>\n\n","protected":false},"excerpt":{"rendered":"<p>About us Titre secondaire To strengthen the team on various strategic markets, EDUCOM collaborates with local specialists who share the same passion for education. They support the team and help to develop EDUCOM&#8217;s client network. Dagmar Brenneisen International education has always been of great interest to Dagmar, mother of three sons. After her Master&#8217;s degree&hellip;<\/p>\n","protected":false},"author":1,"featured_media":0,"parent":0,"menu_order":0,"comment_status":"closed","ping_status":"closed","template":"","meta":{"_acf_changed":false,"footnotes":""},"class_list":["post-1357","page","type-page","status-publish","hentry"],"acf":[],"yoast_head":"<!-- This site is optimized with the Yoast SEO plugin v26.7 - https:\/\/yoast.com\/wordpress\/plugins\/seo\/ -->\n<title>External Collaborators - EDUCOM<\/title>\n<meta name=\"robots\" content=\"index, follow, max-snippet:-1, max-image-preview:large, max-video-preview:-1\" \/>\n<link rel=\"canonical\" href=\"https:\/\/educom.ch\/en\/external-collaborators\/\" \/>\n<meta property=\"og:locale\" content=\"en_US\" \/>\n<meta property=\"og:type\" content=\"article\" \/>\n<meta property=\"og:title\" content=\"External Collaborators - EDUCOM\" \/>\n<meta property=\"og:description\" content=\"About us Titre secondaire To strengthen the team on various strategic markets, EDUCOM collaborates with local specialists who share the same passion for education. They support the team and help to develop EDUCOM&#8217;s client network. Dagmar Brenneisen International education has always been of great interest to Dagmar, mother of three sons. After her Master&#8217;s degree&hellip;\" \/>\n<meta property=\"og:url\" content=\"https:\/\/educom.ch\/en\/external-collaborators\/\" \/>\n<meta property=\"og:site_name\" content=\"EDUCOM\" \/>\n<meta property=\"article:publisher\" content=\"https:\/\/www.facebook.com\/educom.ch\/\" \/>\n<meta property=\"article:modified_time\" content=\"2024-05-13T18:26:47+00:00\" \/>\n<meta property=\"og:image\" content=\"https:\/\/educom.ch\/wp-content\/uploads\/2024\/01\/Dagmar_Brenneisen.jpg\" \/>\n<meta name=\"twitter:card\" content=\"summary_large_image\" \/>\n<meta name=\"twitter:label1\" content=\"Est. reading time\" \/>\n\t<meta name=\"twitter:data1\" content=\"1 minute\" \/>\n<script type=\"application\/ld+json\" class=\"yoast-schema-graph\">{\"@context\":\"https:\/\/schema.org\",\"@graph\":[{\"@type\":\"WebPage\",\"@id\":\"https:\/\/educom.ch\/en\/external-collaborators\/\",\"url\":\"https:\/\/educom.ch\/en\/external-collaborators\/\",\"name\":\"External Collaborators - EDUCOM\",\"isPartOf\":{\"@id\":\"https:\/\/educom.ch\/it\/#website\"},\"primaryImageOfPage\":{\"@id\":\"https:\/\/educom.ch\/en\/external-collaborators\/#primaryimage\"},\"image\":{\"@id\":\"https:\/\/educom.ch\/en\/external-collaborators\/#primaryimage\"},\"thumbnailUrl\":\"https:\/\/educom.ch\/wp-content\/uploads\/2024\/01\/Dagmar_Brenneisen.jpg\",\"datePublished\":\"2024-01-10T10:12:37+00:00\",\"dateModified\":\"2024-05-13T18:26:47+00:00\",\"breadcrumb\":{\"@id\":\"https:\/\/educom.ch\/en\/external-collaborators\/#breadcrumb\"},\"inLanguage\":\"en-US\",\"potentialAction\":[{\"@type\":\"ReadAction\",\"target\":[\"https:\/\/educom.ch\/en\/external-collaborators\/\"]}]},{\"@type\":\"ImageObject\",\"inLanguage\":\"en-US\",\"@id\":\"https:\/\/educom.ch\/en\/external-collaborators\/#primaryimage\",\"url\":\"https:\/\/educom.ch\/wp-content\/uploads\/2024\/01\/Dagmar_Brenneisen.jpg\",\"contentUrl\":\"https:\/\/educom.ch\/wp-content\/uploads\/2024\/01\/Dagmar_Brenneisen.jpg\"},{\"@type\":\"BreadcrumbList\",\"@id\":\"https:\/\/educom.ch\/en\/external-collaborators\/#breadcrumb\",\"itemListElement\":[{\"@type\":\"ListItem\",\"position\":1,\"name\":\"Accueil\",\"item\":\"https:\/\/educom.ch\/en\/\"},{\"@type\":\"ListItem\",\"position\":2,\"name\":\"External Collaborators\"}]},{\"@type\":\"WebSite\",\"@id\":\"https:\/\/educom.ch\/it\/#website\",\"url\":\"https:\/\/educom.ch\/it\/\",\"name\":\"EDUCOM\",\"description\":\"Conseils en Education Internationale\",\"publisher\":{\"@id\":\"https:\/\/educom.ch\/it\/#organization\"},\"potentialAction\":[{\"@type\":\"SearchAction\",\"target\":{\"@type\":\"EntryPoint\",\"urlTemplate\":\"https:\/\/educom.ch\/it\/?s={search_term_string}\"},\"query-input\":{\"@type\":\"PropertyValueSpecification\",\"valueRequired\":true,\"valueName\":\"search_term_string\"}}],\"inLanguage\":\"en-US\"},{\"@type\":\"Organization\",\"@id\":\"https:\/\/educom.ch\/it\/#organization\",\"name\":\"EDUCOM\",\"url\":\"https:\/\/educom.ch\/it\/\",\"logo\":{\"@type\":\"ImageObject\",\"inLanguage\":\"en-US\",\"@id\":\"https:\/\/educom.ch\/it\/#\/schema\/logo\/image\/\",\"url\":\"https:\/\/educom.ch\/wp-content\/uploads\/2022\/11\/logo-educom-white.svg\",\"contentUrl\":\"https:\/\/educom.ch\/wp-content\/uploads\/2022\/11\/logo-educom-white.svg\",\"width\":1,\"height\":1,\"caption\":\"EDUCOM\"},\"image\":{\"@id\":\"https:\/\/educom.ch\/it\/#\/schema\/logo\/image\/\"},\"sameAs\":[\"https:\/\/www.facebook.com\/educom.ch\/\"]}]}<\/script>\n<!-- \/ Yoast SEO plugin. -->","yoast_head_json":{"title":"External Collaborators - EDUCOM","robots":{"index":"index","follow":"follow","max-snippet":"max-snippet:-1","max-image-preview":"max-image-preview:large","max-video-preview":"max-video-preview:-1"},"canonical":"https:\/\/educom.ch\/en\/external-collaborators\/","og_locale":"en_US","og_type":"article","og_title":"External Collaborators - EDUCOM","og_description":"About us Titre secondaire To strengthen the team on various strategic markets, EDUCOM collaborates with local specialists who share the same passion for education. They support the team and help to develop EDUCOM&#8217;s client network. Dagmar Brenneisen International education has always been of great interest to Dagmar, mother of three sons. After her Master&#8217;s degree&hellip;","og_url":"https:\/\/educom.ch\/en\/external-collaborators\/","og_site_name":"EDUCOM","article_publisher":"https:\/\/www.facebook.com\/educom.ch\/","article_modified_time":"2024-05-13T18:26:47+00:00","og_image":[{"url":"https:\/\/educom.ch\/wp-content\/uploads\/2024\/01\/Dagmar_Brenneisen.jpg","type":"","width":"","height":""}],"twitter_card":"summary_large_image","twitter_misc":{"Est. reading time":"1 minute"},"schema":{"@context":"https:\/\/schema.org","@graph":[{"@type":"WebPage","@id":"https:\/\/educom.ch\/en\/external-collaborators\/","url":"https:\/\/educom.ch\/en\/external-collaborators\/","name":"External Collaborators - EDUCOM","isPartOf":{"@id":"https:\/\/educom.ch\/it\/#website"},"primaryImageOfPage":{"@id":"https:\/\/educom.ch\/en\/external-collaborators\/#primaryimage"},"image":{"@id":"https:\/\/educom.ch\/en\/external-collaborators\/#primaryimage"},"thumbnailUrl":"https:\/\/educom.ch\/wp-content\/uploads\/2024\/01\/Dagmar_Brenneisen.jpg","datePublished":"2024-01-10T10:12:37+00:00","dateModified":"2024-05-13T18:26:47+00:00","breadcrumb":{"@id":"https:\/\/educom.ch\/en\/external-collaborators\/#breadcrumb"},"inLanguage":"en-US","potentialAction":[{"@type":"ReadAction","target":["https:\/\/educom.ch\/en\/external-collaborators\/"]}]},{"@type":"ImageObject","inLanguage":"en-US","@id":"https:\/\/educom.ch\/en\/external-collaborators\/#primaryimage","url":"https:\/\/educom.ch\/wp-content\/uploads\/2024\/01\/Dagmar_Brenneisen.jpg","contentUrl":"https:\/\/educom.ch\/wp-content\/uploads\/2024\/01\/Dagmar_Brenneisen.jpg"},{"@type":"BreadcrumbList","@id":"https:\/\/educom.ch\/en\/external-collaborators\/#breadcrumb","itemListElement":[{"@type":"ListItem","position":1,"name":"Accueil","item":"https:\/\/educom.ch\/en\/"},{"@type":"ListItem","position":2,"name":"External Collaborators"}]},{"@type":"WebSite","@id":"https:\/\/educom.ch\/it\/#website","url":"https:\/\/educom.ch\/it\/","name":"EDUCOM","description":"Conseils en Education Internationale","publisher":{"@id":"https:\/\/educom.ch\/it\/#organization"},"potentialAction":[{"@type":"SearchAction","target":{"@type":"EntryPoint","urlTemplate":"https:\/\/educom.ch\/it\/?s={search_term_string}"},"query-input":{"@type":"PropertyValueSpecification","valueRequired":true,"valueName":"search_term_string"}}],"inLanguage":"en-US"},{"@type":"Organization","@id":"https:\/\/educom.ch\/it\/#organization","name":"EDUCOM","url":"https:\/\/educom.ch\/it\/","logo":{"@type":"ImageObject","inLanguage":"en-US","@id":"https:\/\/educom.ch\/it\/#\/schema\/logo\/image\/","url":"https:\/\/educom.ch\/wp-content\/uploads\/2022\/11\/logo-educom-white.svg","contentUrl":"https:\/\/educom.ch\/wp-content\/uploads\/2022\/11\/logo-educom-white.svg","width":1,"height":1,"caption":"EDUCOM"},"image":{"@id":"https:\/\/educom.ch\/it\/#\/schema\/logo\/image\/"},"sameAs":["https:\/\/www.facebook.com\/educom.ch\/"]}]}},"_links":{"self":[{"href":"https:\/\/educom.ch\/en\/wp-json\/wp\/v2\/pages\/1357","targetHints":{"allow":["GET"]}}],"collection":[{"href":"https:\/\/educom.ch\/en\/wp-json\/wp\/v2\/pages"}],"about":[{"href":"https:\/\/educom.ch\/en\/wp-json\/wp\/v2\/types\/page"}],"author":[{"embeddable":true,"href":"https:\/\/educom.ch\/en\/wp-json\/wp\/v2\/users\/1"}],"replies":[{"embeddable":true,"href":"https:\/\/educom.ch\/en\/wp-json\/wp\/v2\/comments?post=1357"}],"version-history":[{"count":1,"href":"https:\/\/educom.ch\/en\/wp-json\/wp\/v2\/pages\/1357\/revisions"}],"predecessor-version":[{"id":1360,"href":"https:\/\/educom.ch\/en\/wp-json\/wp\/v2\/pages\/1357\/revisions\/1360"}],"wp:attachment":[{"href":"https:\/\/educom.ch\/en\/wp-json\/wp\/v2\/media?parent=1357"}],"curies":[{"name":"wp","href":"https:\/\/api.w.org\/{rel}","templated":true}]}}