{"id":671,"date":"2022-11-24T13:47:09","date_gmt":"2022-11-24T12:47:09","guid":{"rendered":"https:\/\/educom.ch\/university-coaching\/"},"modified":"2025-12-12T14:42:42","modified_gmt":"2025-12-12T13:42:42","slug":"university-coaching","status":"publish","type":"page","link":"https:\/\/educom.ch\/en\/university-coaching\/","title":{"rendered":"University coaching"},"content":{"rendered":"\n\n\t\t<h1>\n\t\t\tOur solutions\n\t\t\t\t\t\t\t\t\t\t\tTitre secondaire\n\t\t<\/h1>\n\t<p>The aim of university coaching is to help your child select the universities best suited to their profile and to assist them throughout the admission process.<\/p>\n\t<p>Aur\u00e9lie Panchaud, a specialist in university coaching, will help you decide on a selection strategy adapted to the profile of your child (country of study, field of study, predicted grades, etc).<\/p>\n<p>University coaching is divided into two stages :<\/p>\n<ul>\n<li><strong>Step 1 : Where to study ?<\/strong> Selecting the universities. Developing an appropriate strategy based on the chosen courses. Validating the entry requirements (minimum grades, language exam, etc).  <\/li>\n<li><strong>Step 2 : How to apply ?<\/strong> Preparing the application. Drawing up an academic schedule. Advice and follow-up at every stage of the process (academic prerequisites, admission tests, letters of recommendation, managing deadlines, etc.). Help and support for writing the personal statement: advice, corrections, providing arguments, etc.   <\/li>\n<\/ul>\n\t<p><strong>Step 1: CHF 1,050 per country (excl. VAT)<\/strong><\/p>\n<p><strong>Step 2:<\/strong><\/p>\n<ul>\n<li>Complete application (Essay, CV, Reference letters) &#8211; <strong>2&#8217;100 CHF HT<\/strong><br \/>\n(UCAS, Bocconi, Hollande,&#8230;)<\/li>\n<li>Complete application + interview coaching &#8211; <strong>2&#8217;400 CHF HT<\/strong><\/li>\n<li>(EHL, ESCP, IE, EDHEC, IESEG,&#8230;.)<\/li>\n<li>USA applications (up to 5 universities) &#8211; <strong>4&#8217;200 CHF HT<\/strong><\/li>\n<li>Correction of Personnal Statement only (per essay) &#8211; <strong>1&#8217;050 CHF HT<\/strong><\/li>\n<li>Administrative application (no CV\/personal statement) &#8211; <strong>525 CHF HT<\/strong><\/li>\n<li>Master degrees &#8211; customised estimate<\/li>\n<\/ul>\n<p>Adapted quotes are made for multiple applications<\/p>\n\t\t\t\t\t\t\t\t\t\t\t<!-- Overlay Wrapper -->\n\t\t\t\t\t\t\t\t\t\tBoston\t\t\t\t\t\t\t\t\t\n\t\t\t\t\t\t <!-- Overlay Wrapper Closed -->\n\t\t\t\t\t\t\t\t\t\t\t<!-- Overlay Wrapper -->\n\t\t\t\t\t\t <!-- Overlay Wrapper Closed -->\n\t\t\t\t\t\t\t\t\t\t\t<!-- Overlay Wrapper -->\n\t\t\t\t\t\t <!-- Overlay Wrapper Closed -->\n\t\t\t\t\t\t\t\t\t\t\t<!-- Overlay Wrapper -->\n\t\t\t\t\t\t\t\t\t\tIrvine IVC\t\t\t\t\t\t\t\t\t\n\t\t\t\t\t\t <!-- Overlay Wrapper Closed -->\n\t\t\t\t\t\t\t\t\t\t\t<!-- Overlay Wrapper -->\n\t\t\t\t\t\t <!-- Overlay Wrapper Closed -->\n\t\t\t\t\t\t\t\t\t\t\t<!-- Overlay Wrapper -->\n\t\t\t\t\t\t <!-- Overlay Wrapper Closed -->\n\t\t\t\t\t\t\t\t\t\t\t<!-- Overlay Wrapper -->\n\t\t\t\t\t\t <!-- Overlay Wrapper Closed -->\n\t\t\t\t\t\t\t\t\t\t\t<!-- Overlay Wrapper -->\n\t\t\t\t\t\t <!-- Overlay Wrapper Closed -->\n\t\t\t\t\t\t<!-- pagination -->\n\t<p>Make an appointment online now to discuss your needs<\/p>\n\t\t\t<a href=\"https:\/\/educom.ch\/prise-de-rendez-vous-en-ligne\/\" target=\"_self\" role=\"button\" rel=\"noopener\">\n\t\t\t\t\t\t\tOnline appointment\n\t\t\t\t\t<\/a>\n<h2>\n\t\tWe provided them with our support\n\t<\/h2>\n\t<meta itemscope itemprop=\"mainEntityOfPage\" itemtype=\"https:\/\/schema.org\/WebPage\" itemid=\"https:\/\/educom.ch\/en\/testimonial\/coaching-universitaire-elizabeth-w\/\" content=\"Coaching universitaire - Elizabeth W.\" \/><meta itemprop=\"datePublished\" content=\"2022-12-30\" \/><meta itemprop=\"dateModified\" content=\"2022-12-30\" \/><meta itemprop=\"name\" content=\"EDUCOM\"\/><meta itemprop=\"url\" content=\"https:\/\/educom.ch\/en\/author\/wavemind\/\" \/><meta itemprop=\"name\" content=\"wavemind\" \/><meta itemprop=\"interactionType\" content=\"https:\/\/schema.org\/CommentAction\" \/><meta itemprop=\"userInteractionCount\" content=\"0\" \/>\n        \t<p>Thank you!<\/p>\n<p>CommonApp is submitted now:)<\/p>\n<p>I am really grateful for your guidance and I have found it extremely helpful.<\/p>\n                Elizabeth W.<br \/>\n                Norway\n                University coaching\n\t<meta itemscope itemprop=\"mainEntityOfPage\" itemtype=\"https:\/\/schema.org\/WebPage\" itemid=\"https:\/\/educom.ch\/en\/testimonial\/coaching-universitaire-sabien-t\/\" content=\"Coaching universitaire - Sabien T.\" \/><meta itemprop=\"datePublished\" content=\"2022-12-29\" \/><meta itemprop=\"dateModified\" content=\"2022-12-29\" \/><meta itemprop=\"name\" content=\"EDUCOM\"\/><meta itemprop=\"url\" content=\"https:\/\/educom.ch\/en\/author\/wavemind\/\" \/><meta itemprop=\"name\" content=\"wavemind\" \/><meta itemprop=\"interactionType\" content=\"https:\/\/schema.org\/CommentAction\" \/><meta itemprop=\"userInteractionCount\" content=\"0\" \/>\n        \t<p>Thank you for all your help with the university process of our 3 children. It was a real pleasure working with you and getting all your idea&#8217;s\/inputs in their applications.<\/p>\n                Sabien T.<br \/>\n                Versoix, Suisse\n                University coaching\n\t<meta itemscope itemprop=\"mainEntityOfPage\" itemtype=\"https:\/\/schema.org\/WebPage\" itemid=\"https:\/\/educom.ch\/en\/testimonial\/coaching-universitaire-jackie-b\/\" content=\"Coaching universitaire - Jackie B.\" \/><meta itemprop=\"datePublished\" content=\"2022-12-29\" \/><meta itemprop=\"dateModified\" content=\"2022-12-29\" \/><meta itemprop=\"name\" content=\"EDUCOM\"\/><meta itemprop=\"url\" content=\"https:\/\/educom.ch\/en\/author\/wavemind\/\" \/><meta itemprop=\"name\" content=\"wavemind\" \/><meta itemprop=\"interactionType\" content=\"https:\/\/schema.org\/CommentAction\" \/><meta itemprop=\"userInteractionCount\" content=\"0\" \/>\n        \t<p>Your guidance, insight, knowledge, and support were invaluable in this college process! I wanted to thank you for all the work, time and effort you put into making sure I ended up at the right place for me &#8211; the University of San Francisco.<\/p>\n<p>Thank you for getting this organised so quickly and efficiently. I am so appreciative of all you have done to help me achieve this dream which could not have been done without your help.<\/p>\n                Jackie B.<br \/>\n                Gen\u00e8ve, Suisse\n                University coaching\n\t<meta itemscope itemprop=\"mainEntityOfPage\" itemtype=\"https:\/\/schema.org\/WebPage\" itemid=\"https:\/\/educom.ch\/en\/testimonial\/coaching-universitaire-scarlett-c\/\" content=\"Coaching universitaire - Scarlett C.\" \/><meta itemprop=\"datePublished\" content=\"2022-12-08\" \/><meta itemprop=\"dateModified\" content=\"2022-12-08\" \/><meta itemprop=\"name\" content=\"EDUCOM\"\/><meta itemprop=\"url\" content=\"https:\/\/educom.ch\/en\/author\/wavemind\/\" \/><meta itemprop=\"name\" content=\"wavemind\" \/><meta itemprop=\"interactionType\" content=\"https:\/\/schema.org\/CommentAction\" \/><meta itemprop=\"userInteractionCount\" content=\"0\" \/>\n        \t<p>Oral termin\u00e9, tout s&#8217;est super bien pass\u00e9.<\/p>\n<p>Merci beaucoup de m&#8217;avoir si bien pr\u00e9par\u00e9e!<\/p>\n                Scarlett C.<br \/>\n                Lyon, France\n                University coaching\n\t<meta itemscope itemprop=\"mainEntityOfPage\" itemtype=\"https:\/\/schema.org\/WebPage\" itemid=\"https:\/\/educom.ch\/en\/testimonial\/coaching-universitaire-nicolas-z-2\/\" content=\"Coaching universitaire &#8211; Nicolas Z.\" \/><meta itemprop=\"datePublished\" content=\"2022-11-30\" \/><meta itemprop=\"dateModified\" content=\"2022-11-30\" \/><meta itemprop=\"name\" content=\"EDUCOM\"\/><meta itemprop=\"url\" content=\"https:\/\/educom.ch\/en\/author\/wavemind\/\" \/><meta itemprop=\"name\" content=\"wavemind\" \/><meta itemprop=\"interactionType\" content=\"https:\/\/schema.org\/CommentAction\" \/><meta itemprop=\"userInteractionCount\" content=\"0\" \/>\n        \t<p>J&#8217;ai le plaisir de vous annoncer que j&#8217;ai re\u00e7u une offre conditionnelle pour PPE \u00e0 Oxford !<\/p>\n<p>Je tenais \u00e0 vous remercier pour toute votre aide \u00e0 travers le processus. Je n&#8217;aurais jamais \u00e9t\u00e9 capable d&#8217;accomplir ceci sans votre aide et je vous en suis fortement reconnaissant.<\/p>\n<p>Je vous souhaite une excellente semaine et vous remercie une fois de plus pour tout.<\/p>\n                Nicolas Z.<br \/>\n                Gen\u00e8ve, Suisse\n                University coaching\n\t<meta itemscope itemprop=\"mainEntityOfPage\" itemtype=\"https:\/\/schema.org\/WebPage\" itemid=\"https:\/\/educom.ch\/en\/testimonial\/coaching-universitaire-nicolas-z\/\" content=\"Coaching universitaire &#8211; Nicolas Z.\" \/><meta itemprop=\"datePublished\" content=\"2022-11-30\" \/><meta itemprop=\"dateModified\" content=\"2022-11-30\" \/><meta itemprop=\"name\" content=\"EDUCOM\"\/><meta itemprop=\"url\" content=\"https:\/\/educom.ch\/en\/author\/wavemind\/\" \/><meta itemprop=\"name\" content=\"wavemind\" \/><meta itemprop=\"interactionType\" content=\"https:\/\/schema.org\/CommentAction\" \/><meta itemprop=\"userInteractionCount\" content=\"0\" \/>\n        \t<p>Je voulais vous annoncer que j&#8217;ai \u00e9t\u00e9 invit\u00e9 pour les interviews \u00e0 Oxford. J&#8217;ai d\u00e9j\u00e0 eu la chance de m&#8217;entra\u00eener plusieurs fois et j&#8217;esp\u00e8re que tout ira bien. Je voulais vous remercier encore une fois pour toute votre aide dans ce parcours.<\/p>\n                Nicolas Z.<br \/>\n                Geneve, Suisse\n                University coaching\n\t<meta itemscope itemprop=\"mainEntityOfPage\" itemtype=\"https:\/\/schema.org\/WebPage\" itemid=\"https:\/\/educom.ch\/en\/testimonial\/coaching-universitaire-oriana-d\/\" content=\"Coaching universitaire &#8211; Oriana D.\" \/><meta itemprop=\"datePublished\" content=\"2022-11-30\" \/><meta itemprop=\"dateModified\" content=\"2022-11-30\" \/><meta itemprop=\"name\" content=\"EDUCOM\"\/><meta itemprop=\"url\" content=\"https:\/\/educom.ch\/en\/author\/wavemind\/\" \/><meta itemprop=\"name\" content=\"wavemind\" \/><meta itemprop=\"interactionType\" content=\"https:\/\/schema.org\/CommentAction\" \/><meta itemprop=\"userInteractionCount\" content=\"0\" \/>\n        \t<p>J&#8217;ai re\u00e7u la nouvelle je suis accept\u00e9e \u00e0 EHL pour la rentr\u00e9e de septembre !!<\/p>\n<p>Je tenais \u00e0 vous remercier pour votre soutien et votre aide qui on vraiment permit \u00e0 r\u00e9aliser mon r\u00eave.<\/p>\n                Oriana D.<br \/>\n                Gen\u00e8ve, Suisse\n                University coaching\n\t<meta itemscope itemprop=\"mainEntityOfPage\" itemtype=\"https:\/\/schema.org\/WebPage\" itemid=\"https:\/\/educom.ch\/en\/testimonial\/coaching-universitaire-roman-i\/\" content=\"Coaching universitaire &#8211; Roman I.\" \/><meta itemprop=\"datePublished\" content=\"2022-11-30\" \/><meta itemprop=\"dateModified\" content=\"2022-11-30\" \/><meta itemprop=\"name\" content=\"EDUCOM\"\/><meta itemprop=\"url\" content=\"https:\/\/educom.ch\/en\/author\/wavemind\/\" \/><meta itemprop=\"name\" content=\"wavemind\" \/><meta itemprop=\"interactionType\" content=\"https:\/\/schema.org\/CommentAction\" \/><meta itemprop=\"userInteractionCount\" content=\"0\" \/>\n        \t<p>Merci encore de m&#8217;avoir si bien accompagn\u00e9 \u00e0 travers le processus UCAS et d&#8217;avoir contribu\u00e9 \u00e0 l&#8217;aboutissement d&#8217;un excellent Personal Statement !<\/p>\n                Roman I.<br \/>\n                Belgique\n                University coaching\n\t<meta itemscope itemprop=\"mainEntityOfPage\" itemtype=\"https:\/\/schema.org\/WebPage\" itemid=\"https:\/\/educom.ch\/en\/testimonial\/coaching-universitaire-oscar-f\/\" content=\"Coaching universitaire &#8211; Oscar F.\" \/><meta itemprop=\"datePublished\" content=\"2022-11-30\" \/><meta itemprop=\"dateModified\" content=\"2022-11-30\" \/><meta itemprop=\"name\" content=\"EDUCOM\"\/><meta itemprop=\"url\" content=\"https:\/\/educom.ch\/en\/author\/wavemind\/\" \/><meta itemprop=\"name\" content=\"wavemind\" \/><meta itemprop=\"interactionType\" content=\"https:\/\/schema.org\/CommentAction\" \/><meta itemprop=\"userInteractionCount\" content=\"0\" \/>\n        \t<p>Je vous transfert avec immense joie mon offre de LSE !<\/p>\n                Oscar F.<br \/>\n                Paris, France\n                University coaching\n\t<meta itemscope itemprop=\"mainEntityOfPage\" itemtype=\"https:\/\/schema.org\/WebPage\" itemid=\"https:\/\/educom.ch\/en\/testimonial\/coaching-universitaire-ferreol-a\/\" content=\"Coaching universitaire &#8211; Ferr\u00e9ol A.\" \/><meta itemprop=\"datePublished\" content=\"2022-11-30\" \/><meta itemprop=\"dateModified\" content=\"2022-12-06\" \/><meta itemprop=\"name\" content=\"EDUCOM\"\/><meta itemprop=\"url\" content=\"https:\/\/educom.ch\/en\/author\/wavemind\/\" \/><meta itemprop=\"name\" content=\"wavemind\" \/><meta itemprop=\"interactionType\" content=\"https:\/\/schema.org\/CommentAction\" \/><meta itemprop=\"userInteractionCount\" content=\"0\" \/>\n        \t<p>Voici, ci-joint, ma lettre d&#8217;acceptation \u00e0 KING&#8217;s !!!<\/p>\n<p>De plus, je viens d&#8217;apprendre que j&#8217;ai \u00e9t\u00e9 accept\u00e9 \u00e0 McGill ARTS sous condition d&#8217;obtention du bac !<\/p>\n<p>Merci beaucoup de m&#8217;avoir accompagn\u00e9 tout au long du processus.<\/p>\n                Ferr\u00e9ol A.<br \/>\n                Paris, France\n                University coaching\n\t\t<!-- .pp-content-posts -->\n\t\t\t<a href=\"https:\/\/educom.ch\/en\/testimonials\/\" target=\"_self\" role=\"button\" rel=\"noopener\">\n\t\t\t\t\t\t\tSee all our testimonials\n\t\t\t\t\t<\/a>\n<h2>\n\t\tAny questions ?\n\t<\/h2>\n\t\t\t\tWhat is the purpose of university coaching ?\n\t\t\t\t<p>University coaching is designed to identify the right universities according to the student&#8217;s profile.<\/p>\n<p>Every request is studied in depth so we can be sure that there is a realistic strategy and to obtain as many offers as possible !<\/p>\n<p>Everyone dreams of going to Oxford, Cambridge, Harvard, or Yale&#8230; but not everyone has the academic profile required to study in these universities&#8230; The aim is to find the university(ies) that matches the student&#8217;s potential and their individual needs.<\/p>\n<p>The next step is to validate the admission criteria with the student :<\/p>\n<ul>\n<li>The level of English required.<\/li>\n<li>The key subjects in their curriculum.<\/li>\n<li>The required predicted grade.<\/li>\n<\/ul>\n<p>Finally, EDUCOM will help the student showcase their academic record via a personal statement or cover letter. No matter the bachelor&#8217;s degree &#8211; in business, art history, biotechnology, or sociology &#8211; our role is to prompt students to develop their ideas in a coherent and meaningful way so that it reads smoothly and makes an impact. <\/p>\n\t\t\t\tWhen should you start preparing your university application ?\n\t\t\t\t<p>Putting together an application can quickly become time-consuming ! And you should remember that it has to be done in addition to the student&#8217;s schoolwork load. <\/p>\n<p>To avoid being caught off-guard, we recommend identifying the targeted universities during the last quarter of the penultimate school year. You should then actively start working on the application from the September of the final year. <\/p>\n<p>The admission deadline for most universities is in January.<\/p>\n<p>It takes about two months to put together a high-quality application without stress.<\/p>\n\t\t\t\tCan I apply to a university in more than one country ?\n\t\t\t\t<p>It is quite possible to apply in several countries !<\/p>\n<p>But be careful: the procedure will not be the same from one country to the other. It is very important before you start applying to have a clear overall strategy in mind so you can identify the volume of work required and make sure that it is compatible with the school workload. <\/p>\n<p>At EDUCOM, we help you draw up a detailed schedule of all the stages so that you will have enough time to prepare a high-quality application without stress.<\/p>\n\t\t\t\tWhat level of English is required for university courses abroad ?\n\t\t\t\t<p>The overall level of English required is C1, which is equivalent to an IELTS of 6.5-7.0.<\/p>\n<p>Admission criteria should always be validated with EDUCOM in advance.<\/p>\n<p>If a student does not have the required level of English to study abroad, we strongly advise them to do a foundation year.<\/p>\n\n","protected":false},"excerpt":{"rendered":"<p>Our solutions Titre secondaire The aim of university coaching is to help your child select the universities best suited to their profile and to assist them throughout the admission process. Aur\u00e9lie Panchaud, a specialist in university coaching, will help you decide on a selection strategy adapted to the profile of your child (country of study,&hellip;<\/p>\n","protected":false},"author":1,"featured_media":610,"parent":0,"menu_order":0,"comment_status":"closed","ping_status":"closed","template":"","meta":{"_acf_changed":false,"footnotes":""},"class_list":["post-671","page","type-page","status-publish","has-post-thumbnail","hentry"],"acf":[],"yoast_head":"<!-- This site is optimized with the Yoast SEO plugin v27.4 - https:\/\/yoast.com\/product\/yoast-seo-wordpress\/ -->\n<title>University coaching - EDUCOM<\/title>\n<meta name=\"robots\" content=\"index, follow, max-snippet:-1, max-image-preview:large, max-video-preview:-1\" \/>\n<link rel=\"canonical\" href=\"https:\/\/educom.ch\/en\/university-coaching\/\" \/>\n<meta property=\"og:locale\" content=\"en_US\" \/>\n<meta property=\"og:type\" content=\"article\" \/>\n<meta property=\"og:title\" content=\"University coaching - EDUCOM\" \/>\n<meta property=\"og:description\" content=\"Our solutions Titre secondaire The aim of university coaching is to help your child select the universities best suited to their profile and to assist them throughout the admission process. Aur\u00e9lie Panchaud, a specialist in university coaching, will help you decide on a selection strategy adapted to the profile of your child (country of study,&hellip;\" \/>\n<meta property=\"og:url\" content=\"https:\/\/educom.ch\/en\/university-coaching\/\" \/>\n<meta property=\"og:site_name\" content=\"EDUCOM\" \/>\n<meta property=\"article:publisher\" content=\"https:\/\/www.facebook.com\/educom.ch\/\" \/>\n<meta property=\"article:modified_time\" content=\"2025-12-12T13:42:42+00:00\" \/>\n<meta property=\"og:image\" content=\"https:\/\/educom.ch\/wp-content\/uploads\/2022\/11\/background_coaching_universitaire_educom.jpg\" \/>\n\t<meta property=\"og:image:width\" content=\"1772\" \/>\n\t<meta property=\"og:image:height\" content=\"1181\" \/>\n\t<meta property=\"og:image:type\" content=\"image\/jpeg\" \/>\n<meta name=\"twitter:card\" content=\"summary_large_image\" \/>\n<meta name=\"twitter:label1\" content=\"Est. reading time\" \/>\n\t<meta name=\"twitter:data1\" content=\"5 minutes\" \/>\n<script type=\"application\/ld+json\" class=\"yoast-schema-graph\">{\"@context\":\"https:\\\/\\\/schema.org\",\"@graph\":[{\"@type\":\"WebPage\",\"@id\":\"https:\\\/\\\/educom.ch\\\/en\\\/university-coaching\\\/\",\"url\":\"https:\\\/\\\/educom.ch\\\/en\\\/university-coaching\\\/\",\"name\":\"University coaching - EDUCOM\",\"isPartOf\":{\"@id\":\"https:\\\/\\\/educom.ch\\\/it\\\/#website\"},\"primaryImageOfPage\":{\"@id\":\"https:\\\/\\\/educom.ch\\\/en\\\/university-coaching\\\/#primaryimage\"},\"image\":{\"@id\":\"https:\\\/\\\/educom.ch\\\/en\\\/university-coaching\\\/#primaryimage\"},\"thumbnailUrl\":\"https:\\\/\\\/educom.ch\\\/wp-content\\\/uploads\\\/2022\\\/11\\\/background_coaching_universitaire_educom.jpg\",\"datePublished\":\"2022-11-24T12:47:09+00:00\",\"dateModified\":\"2025-12-12T13:42:42+00:00\",\"breadcrumb\":{\"@id\":\"https:\\\/\\\/educom.ch\\\/en\\\/university-coaching\\\/#breadcrumb\"},\"inLanguage\":\"en-US\",\"potentialAction\":[{\"@type\":\"ReadAction\",\"target\":[\"https:\\\/\\\/educom.ch\\\/en\\\/university-coaching\\\/\"]}]},{\"@type\":\"ImageObject\",\"inLanguage\":\"en-US\",\"@id\":\"https:\\\/\\\/educom.ch\\\/en\\\/university-coaching\\\/#primaryimage\",\"url\":\"https:\\\/\\\/educom.ch\\\/wp-content\\\/uploads\\\/2022\\\/11\\\/background_coaching_universitaire_educom.jpg\",\"contentUrl\":\"https:\\\/\\\/educom.ch\\\/wp-content\\\/uploads\\\/2022\\\/11\\\/background_coaching_universitaire_educom.jpg\",\"width\":1772,\"height\":1181,\"caption\":\"Boston\"},{\"@type\":\"BreadcrumbList\",\"@id\":\"https:\\\/\\\/educom.ch\\\/en\\\/university-coaching\\\/#breadcrumb\",\"itemListElement\":[{\"@type\":\"ListItem\",\"position\":1,\"name\":\"Accueil\",\"item\":\"https:\\\/\\\/educom.ch\\\/en\\\/\"},{\"@type\":\"ListItem\",\"position\":2,\"name\":\"University coaching\"}]},{\"@type\":\"WebSite\",\"@id\":\"https:\\\/\\\/educom.ch\\\/it\\\/#website\",\"url\":\"https:\\\/\\\/educom.ch\\\/it\\\/\",\"name\":\"EDUCOM\",\"description\":\"Conseils en Education Internationale\",\"publisher\":{\"@id\":\"https:\\\/\\\/educom.ch\\\/it\\\/#organization\"},\"potentialAction\":[{\"@type\":\"SearchAction\",\"target\":{\"@type\":\"EntryPoint\",\"urlTemplate\":\"https:\\\/\\\/educom.ch\\\/it\\\/?s={search_term_string}\"},\"query-input\":{\"@type\":\"PropertyValueSpecification\",\"valueRequired\":true,\"valueName\":\"search_term_string\"}}],\"inLanguage\":\"en-US\"},{\"@type\":\"Organization\",\"@id\":\"https:\\\/\\\/educom.ch\\\/it\\\/#organization\",\"name\":\"EDUCOM\",\"url\":\"https:\\\/\\\/educom.ch\\\/it\\\/\",\"logo\":{\"@type\":\"ImageObject\",\"inLanguage\":\"en-US\",\"@id\":\"https:\\\/\\\/educom.ch\\\/it\\\/#\\\/schema\\\/logo\\\/image\\\/\",\"url\":\"https:\\\/\\\/educom.ch\\\/wp-content\\\/uploads\\\/2022\\\/11\\\/logo-educom-white.svg\",\"contentUrl\":\"https:\\\/\\\/educom.ch\\\/wp-content\\\/uploads\\\/2022\\\/11\\\/logo-educom-white.svg\",\"width\":1,\"height\":1,\"caption\":\"EDUCOM\"},\"image\":{\"@id\":\"https:\\\/\\\/educom.ch\\\/it\\\/#\\\/schema\\\/logo\\\/image\\\/\"},\"sameAs\":[\"https:\\\/\\\/www.facebook.com\\\/educom.ch\\\/\"]}]}<\/script>\n<!-- \/ Yoast SEO plugin. -->","yoast_head_json":{"title":"University coaching - EDUCOM","robots":{"index":"index","follow":"follow","max-snippet":"max-snippet:-1","max-image-preview":"max-image-preview:large","max-video-preview":"max-video-preview:-1"},"canonical":"https:\/\/educom.ch\/en\/university-coaching\/","og_locale":"en_US","og_type":"article","og_title":"University coaching - EDUCOM","og_description":"Our solutions Titre secondaire The aim of university coaching is to help your child select the universities best suited to their profile and to assist them throughout the admission process. Aur\u00e9lie Panchaud, a specialist in university coaching, will help you decide on a selection strategy adapted to the profile of your child (country of study,&hellip;","og_url":"https:\/\/educom.ch\/en\/university-coaching\/","og_site_name":"EDUCOM","article_publisher":"https:\/\/www.facebook.com\/educom.ch\/","article_modified_time":"2025-12-12T13:42:42+00:00","og_image":[{"width":1772,"height":1181,"url":"https:\/\/educom.ch\/wp-content\/uploads\/2022\/11\/background_coaching_universitaire_educom.jpg","type":"image\/jpeg"}],"twitter_card":"summary_large_image","twitter_misc":{"Est. reading time":"5 minutes"},"schema":{"@context":"https:\/\/schema.org","@graph":[{"@type":"WebPage","@id":"https:\/\/educom.ch\/en\/university-coaching\/","url":"https:\/\/educom.ch\/en\/university-coaching\/","name":"University coaching - EDUCOM","isPartOf":{"@id":"https:\/\/educom.ch\/it\/#website"},"primaryImageOfPage":{"@id":"https:\/\/educom.ch\/en\/university-coaching\/#primaryimage"},"image":{"@id":"https:\/\/educom.ch\/en\/university-coaching\/#primaryimage"},"thumbnailUrl":"https:\/\/educom.ch\/wp-content\/uploads\/2022\/11\/background_coaching_universitaire_educom.jpg","datePublished":"2022-11-24T12:47:09+00:00","dateModified":"2025-12-12T13:42:42+00:00","breadcrumb":{"@id":"https:\/\/educom.ch\/en\/university-coaching\/#breadcrumb"},"inLanguage":"en-US","potentialAction":[{"@type":"ReadAction","target":["https:\/\/educom.ch\/en\/university-coaching\/"]}]},{"@type":"ImageObject","inLanguage":"en-US","@id":"https:\/\/educom.ch\/en\/university-coaching\/#primaryimage","url":"https:\/\/educom.ch\/wp-content\/uploads\/2022\/11\/background_coaching_universitaire_educom.jpg","contentUrl":"https:\/\/educom.ch\/wp-content\/uploads\/2022\/11\/background_coaching_universitaire_educom.jpg","width":1772,"height":1181,"caption":"Boston"},{"@type":"BreadcrumbList","@id":"https:\/\/educom.ch\/en\/university-coaching\/#breadcrumb","itemListElement":[{"@type":"ListItem","position":1,"name":"Accueil","item":"https:\/\/educom.ch\/en\/"},{"@type":"ListItem","position":2,"name":"University coaching"}]},{"@type":"WebSite","@id":"https:\/\/educom.ch\/it\/#website","url":"https:\/\/educom.ch\/it\/","name":"EDUCOM","description":"Conseils en Education Internationale","publisher":{"@id":"https:\/\/educom.ch\/it\/#organization"},"potentialAction":[{"@type":"SearchAction","target":{"@type":"EntryPoint","urlTemplate":"https:\/\/educom.ch\/it\/?s={search_term_string}"},"query-input":{"@type":"PropertyValueSpecification","valueRequired":true,"valueName":"search_term_string"}}],"inLanguage":"en-US"},{"@type":"Organization","@id":"https:\/\/educom.ch\/it\/#organization","name":"EDUCOM","url":"https:\/\/educom.ch\/it\/","logo":{"@type":"ImageObject","inLanguage":"en-US","@id":"https:\/\/educom.ch\/it\/#\/schema\/logo\/image\/","url":"https:\/\/educom.ch\/wp-content\/uploads\/2022\/11\/logo-educom-white.svg","contentUrl":"https:\/\/educom.ch\/wp-content\/uploads\/2022\/11\/logo-educom-white.svg","width":1,"height":1,"caption":"EDUCOM"},"image":{"@id":"https:\/\/educom.ch\/it\/#\/schema\/logo\/image\/"},"sameAs":["https:\/\/www.facebook.com\/educom.ch\/"]}]}},"_links":{"self":[{"href":"https:\/\/educom.ch\/en\/wp-json\/wp\/v2\/pages\/671","targetHints":{"allow":["GET"]}}],"collection":[{"href":"https:\/\/educom.ch\/en\/wp-json\/wp\/v2\/pages"}],"about":[{"href":"https:\/\/educom.ch\/en\/wp-json\/wp\/v2\/types\/page"}],"author":[{"embeddable":true,"href":"https:\/\/educom.ch\/en\/wp-json\/wp\/v2\/users\/1"}],"replies":[{"embeddable":true,"href":"https:\/\/educom.ch\/en\/wp-json\/wp\/v2\/comments?post=671"}],"version-history":[{"count":2,"href":"https:\/\/educom.ch\/en\/wp-json\/wp\/v2\/pages\/671\/revisions"}],"predecessor-version":[{"id":1427,"href":"https:\/\/educom.ch\/en\/wp-json\/wp\/v2\/pages\/671\/revisions\/1427"}],"wp:featuredmedia":[{"embeddable":true,"href":"https:\/\/educom.ch\/en\/wp-json\/wp\/v2\/media\/610"}],"wp:attachment":[{"href":"https:\/\/educom.ch\/en\/wp-json\/wp\/v2\/media?parent=671"}],"curies":[{"name":"wp","href":"https:\/\/api.w.org\/{rel}","templated":true}]}}