{"id":1020,"date":"2022-11-24T13:47:09","date_gmt":"2022-11-24T12:47:09","guid":{"rendered":"https:\/\/educom.ch\/coaching-universitario\/"},"modified":"2025-12-12T14:43:10","modified_gmt":"2025-12-12T13:43:10","slug":"coaching-universitario","status":"publish","type":"page","link":"https:\/\/educom.ch\/it\/coaching-universitario\/","title":{"rendered":"Coaching universitario"},"content":{"rendered":"\n\n\t\t<h1>\n\t\t\tLe nostre soluzioni\n\t\t\t\t\t\t\t\t\t\t\tTitre secondaire\n\t\t<\/h1>\n\t<p>Il coaching universitario ha lo scopo di aiutare i vostri figli a scegliere le universit\u00e0 adatte al loro profilo e accompagnarli in tutto il percorso di ammissione.<\/p>\n\t<p>Specializzata in coaching universitario, Aur\u00e9lie Panchaud vi aiuta a determinare una strategia di selezione adatta al profilo dello studente (paese di studio, ambito di studio, &#8220;voto medio richiesto&#8221;, ecc).<\/p>\n<p>Il coaching universitario si suddivide in 2 fasi :<\/p>\n<ul>\n<li><strong>Dove studiare ?<\/strong> Selezione delle universit\u00e0. Elaborazione di una strategia appropriata a seconda degli studi scelti. Approvazione delle condizioni di ammissione (voto massimo, esame di lingua, ect).  <\/li>\n<li><strong>Come presentarsi ?<\/strong> Compilare il dossier di ammissione. Elaborare un planning accademico. Consulenza e monitoraggio di tutte le fasi del processo (requisiti accademici, test di ammissione, lettere di raccomandazione, gestione delle scadenze, ecc.). Aiuto e supporto nella stesura delle dichiarazioni personali: consigli, correzioni, argomentazioni, ecc.   <\/li>\n<\/ul>\n\t<p><strong>Fase 1: 1.050 CHF per paese (tasse escluse)<\/strong><\/p>\n<p><strong>Fase 2:<\/strong><\/p>\n<ul>\n<li>Iscrizione completa (essay, CV, lettere di referenza) &#8211; <strong>2&#8217;100 CHF<\/strong> (tasse escluse)<br \/>\n(UCAS, Bocconi, Hollande,&#8230;)<\/li>\n<li>Iscrizione completa + coaching per il colloquio &#8211; <strong>2&#8217;400 CHF<\/strong> (tasse escluse)<\/li>\n<li>(EHL, ESCP, IE, EDHEC, IESEG, &#8230;.)<\/li>\n<li>Iscrizione USA (fino a 5 universit\u00e0) &#8211; <strong>4&#8217;200 CHF<\/strong> (tasse escluse)<\/li>\n<li>Correzione del Personal Statement (per ogni essay) &#8211; <strong>1&#8217;050 CHF<\/strong> (tasse escluse)<\/li>\n<li>Iscrizione amministrativa (senza CV\/personal statement) &#8211; <strong>525 CHF<\/strong> (tasse escluse)<\/li>\n<li>Master &#8211; preventivo personalizzato<\/li>\n<\/ul>\n<p>Preventivo personalizzato per molteplici dossiers.<\/p>\n\t\t\t\t\t\t\t\t\t\t\t<!-- Overlay Wrapper -->\n\t\t\t\t\t\t <!-- Overlay Wrapper Closed -->\n\t\t\t\t\t\t\t\t\t\t\t<!-- Overlay Wrapper -->\n\t\t\t\t\t\t <!-- Overlay Wrapper Closed -->\n\t\t\t\t\t\t\t\t\t\t\t<!-- Overlay Wrapper -->\n\t\t\t\t\t\t <!-- Overlay Wrapper Closed -->\n\t\t\t\t\t\t\t\t\t\t\t<!-- Overlay Wrapper -->\n\t\t\t\t\t\t <!-- Overlay Wrapper Closed -->\n\t\t\t\t\t\t\t\t\t\t\t<!-- Overlay Wrapper -->\n\t\t\t\t\t\t <!-- Overlay Wrapper Closed -->\n\t\t\t\t\t\t\t\t\t\t\t<!-- Overlay Wrapper -->\n\t\t\t\t\t\t\t\t\t\tIrvine IVC\t\t\t\t\t\t\t\t\t\n\t\t\t\t\t\t <!-- Overlay Wrapper Closed -->\n\t\t\t\t\t\t\t\t\t\t\t<!-- Overlay Wrapper -->\n\t\t\t\t\t\t\t\t\t\tBoston\t\t\t\t\t\t\t\t\t\n\t\t\t\t\t\t <!-- Overlay Wrapper Closed -->\n\t\t\t\t\t\t\t\t\t\t\t<!-- Overlay Wrapper -->\n\t\t\t\t\t\t <!-- Overlay Wrapper Closed -->\n\t\t\t\t\t\t<!-- pagination -->\n\t<p>Fissa subito un appuntamento online per discutere delle tue esigenze<\/p>\n\t\t\t<a href=\"https:\/\/educom.ch\/prise-de-rendez-vous-en-ligne\/\" target=\"_self\" role=\"button\" rel=\"noopener\">\n\t\t\t\t\t\t\tAppuntamento in linea\n\t\t\t\t\t<\/a>\n<h2>\n\t\tHanno usufruito della nostra consulenza\n\t<\/h2>\n\t<meta itemscope itemprop=\"mainEntityOfPage\" itemtype=\"https:\/\/schema.org\/WebPage\" itemid=\"https:\/\/educom.ch\/it\/testimonial\/coaching-universitaire-elizabeth-w\/\" content=\"Coaching universitaire - Elizabeth W.\" \/><meta itemprop=\"datePublished\" content=\"2022-12-30\" \/><meta itemprop=\"dateModified\" content=\"2022-12-30\" \/><meta itemprop=\"name\" content=\"EDUCOM\"\/><meta itemprop=\"url\" content=\"https:\/\/educom.ch\/it\/author\/wavemind\/\" \/><meta itemprop=\"name\" content=\"wavemind\" \/><meta itemprop=\"interactionType\" content=\"https:\/\/schema.org\/CommentAction\" \/><meta itemprop=\"userInteractionCount\" content=\"0\" \/>\n        \t<p>Thank you!<\/p>\n<p>CommonApp is submitted now:)<\/p>\n<p>I am really grateful for your guidance and I have found it extremely helpful.<\/p>\n                Elizabeth W.<br \/>\n                Norway\n                Coaching universitario\n\t<meta itemscope itemprop=\"mainEntityOfPage\" itemtype=\"https:\/\/schema.org\/WebPage\" itemid=\"https:\/\/educom.ch\/it\/testimonial\/coaching-universitaire-sabien-t\/\" content=\"Coaching universitaire - Sabien T.\" \/><meta itemprop=\"datePublished\" content=\"2022-12-29\" \/><meta itemprop=\"dateModified\" content=\"2022-12-29\" \/><meta itemprop=\"name\" content=\"EDUCOM\"\/><meta itemprop=\"url\" content=\"https:\/\/educom.ch\/it\/author\/wavemind\/\" \/><meta itemprop=\"name\" content=\"wavemind\" \/><meta itemprop=\"interactionType\" content=\"https:\/\/schema.org\/CommentAction\" \/><meta itemprop=\"userInteractionCount\" content=\"0\" \/>\n        \t<p>Thank you for all your help with the university process of our 3 children. It was a real pleasure working with you and getting all your idea&#8217;s\/inputs in their applications.<\/p>\n                Sabien T.<br \/>\n                Versoix, Suisse\n                Coaching universitario\n\t<meta itemscope itemprop=\"mainEntityOfPage\" itemtype=\"https:\/\/schema.org\/WebPage\" itemid=\"https:\/\/educom.ch\/it\/testimonial\/coaching-universitaire-jackie-b\/\" content=\"Coaching universitaire - Jackie B.\" \/><meta itemprop=\"datePublished\" content=\"2022-12-29\" \/><meta itemprop=\"dateModified\" content=\"2022-12-29\" \/><meta itemprop=\"name\" content=\"EDUCOM\"\/><meta itemprop=\"url\" content=\"https:\/\/educom.ch\/it\/author\/wavemind\/\" \/><meta itemprop=\"name\" content=\"wavemind\" \/><meta itemprop=\"interactionType\" content=\"https:\/\/schema.org\/CommentAction\" \/><meta itemprop=\"userInteractionCount\" content=\"0\" \/>\n        \t<p>Your guidance, insight, knowledge, and support were invaluable in this college process! I wanted to thank you for all the work, time and effort you put into making sure I ended up at the right place for me &#8211; the University of San Francisco.<\/p>\n<p>Thank you for getting this organised so quickly and efficiently. I am so appreciative of all you have done to help me achieve this dream which could not have been done without your help.<\/p>\n                Jackie B.<br \/>\n                Gen\u00e8ve, Suisse\n                Coaching universitario\n\t<meta itemscope itemprop=\"mainEntityOfPage\" itemtype=\"https:\/\/schema.org\/WebPage\" itemid=\"https:\/\/educom.ch\/it\/testimonial\/coaching-universitaire-scarlett-c\/\" content=\"Coaching universitaire - Scarlett C.\" \/><meta itemprop=\"datePublished\" content=\"2022-12-08\" \/><meta itemprop=\"dateModified\" content=\"2022-12-08\" \/><meta itemprop=\"name\" content=\"EDUCOM\"\/><meta itemprop=\"url\" content=\"https:\/\/educom.ch\/it\/author\/wavemind\/\" \/><meta itemprop=\"name\" content=\"wavemind\" \/><meta itemprop=\"interactionType\" content=\"https:\/\/schema.org\/CommentAction\" \/><meta itemprop=\"userInteractionCount\" content=\"0\" \/>\n        \t<p>Oral termin\u00e9, tout s&#8217;est super bien pass\u00e9.<\/p>\n<p>Merci beaucoup de m&#8217;avoir si bien pr\u00e9par\u00e9e!<\/p>\n                Scarlett C.<br \/>\n                Lyon, France\n                Coaching universitario\n\t<meta itemscope itemprop=\"mainEntityOfPage\" itemtype=\"https:\/\/schema.org\/WebPage\" itemid=\"https:\/\/educom.ch\/it\/testimonial\/coaching-universitaire-nicolas-z-2\/\" content=\"Coaching universitaire &#8211; Nicolas Z.\" \/><meta itemprop=\"datePublished\" content=\"2022-11-30\" \/><meta itemprop=\"dateModified\" content=\"2022-11-30\" \/><meta itemprop=\"name\" content=\"EDUCOM\"\/><meta itemprop=\"url\" content=\"https:\/\/educom.ch\/it\/author\/wavemind\/\" \/><meta itemprop=\"name\" content=\"wavemind\" \/><meta itemprop=\"interactionType\" content=\"https:\/\/schema.org\/CommentAction\" \/><meta itemprop=\"userInteractionCount\" content=\"0\" \/>\n        \t<p>J&#8217;ai le plaisir de vous annoncer que j&#8217;ai re\u00e7u une offre conditionnelle pour PPE \u00e0 Oxford !<\/p>\n<p>Je tenais \u00e0 vous remercier pour toute votre aide \u00e0 travers le processus. Je n&#8217;aurais jamais \u00e9t\u00e9 capable d&#8217;accomplir ceci sans votre aide et je vous en suis fortement reconnaissant.<\/p>\n<p>Je vous souhaite une excellente semaine et vous remercie une fois de plus pour tout.<\/p>\n                Nicolas Z.<br \/>\n                Gen\u00e8ve, Suisse\n                Coaching universitario\n\t<meta itemscope itemprop=\"mainEntityOfPage\" itemtype=\"https:\/\/schema.org\/WebPage\" itemid=\"https:\/\/educom.ch\/it\/testimonial\/coaching-universitaire-nicolas-z\/\" content=\"Coaching universitaire &#8211; Nicolas Z.\" \/><meta itemprop=\"datePublished\" content=\"2022-11-30\" \/><meta itemprop=\"dateModified\" content=\"2022-11-30\" \/><meta itemprop=\"name\" content=\"EDUCOM\"\/><meta itemprop=\"url\" content=\"https:\/\/educom.ch\/it\/author\/wavemind\/\" \/><meta itemprop=\"name\" content=\"wavemind\" \/><meta itemprop=\"interactionType\" content=\"https:\/\/schema.org\/CommentAction\" \/><meta itemprop=\"userInteractionCount\" content=\"0\" \/>\n        \t<p>Je voulais vous annoncer que j&#8217;ai \u00e9t\u00e9 invit\u00e9 pour les interviews \u00e0 Oxford. J&#8217;ai d\u00e9j\u00e0 eu la chance de m&#8217;entra\u00eener plusieurs fois et j&#8217;esp\u00e8re que tout ira bien. Je voulais vous remercier encore une fois pour toute votre aide dans ce parcours.<\/p>\n                Nicolas Z.<br \/>\n                Geneve, Suisse\n                Coaching universitario\n\t<meta itemscope itemprop=\"mainEntityOfPage\" itemtype=\"https:\/\/schema.org\/WebPage\" itemid=\"https:\/\/educom.ch\/it\/testimonial\/coaching-universitaire-oriana-d\/\" content=\"Coaching universitaire &#8211; Oriana D.\" \/><meta itemprop=\"datePublished\" content=\"2022-11-30\" \/><meta itemprop=\"dateModified\" content=\"2022-11-30\" \/><meta itemprop=\"name\" content=\"EDUCOM\"\/><meta itemprop=\"url\" content=\"https:\/\/educom.ch\/it\/author\/wavemind\/\" \/><meta itemprop=\"name\" content=\"wavemind\" \/><meta itemprop=\"interactionType\" content=\"https:\/\/schema.org\/CommentAction\" \/><meta itemprop=\"userInteractionCount\" content=\"0\" \/>\n        \t<p>J&#8217;ai re\u00e7u la nouvelle je suis accept\u00e9e \u00e0 EHL pour la rentr\u00e9e de septembre !!<\/p>\n<p>Je tenais \u00e0 vous remercier pour votre soutien et votre aide qui on vraiment permit \u00e0 r\u00e9aliser mon r\u00eave.<\/p>\n                Oriana D.<br \/>\n                Gen\u00e8ve, Suisse\n                Coaching universitario\n\t<meta itemscope itemprop=\"mainEntityOfPage\" itemtype=\"https:\/\/schema.org\/WebPage\" itemid=\"https:\/\/educom.ch\/it\/testimonial\/coaching-universitaire-roman-i\/\" content=\"Coaching universitaire &#8211; Roman I.\" \/><meta itemprop=\"datePublished\" content=\"2022-11-30\" \/><meta itemprop=\"dateModified\" content=\"2022-11-30\" \/><meta itemprop=\"name\" content=\"EDUCOM\"\/><meta itemprop=\"url\" content=\"https:\/\/educom.ch\/it\/author\/wavemind\/\" \/><meta itemprop=\"name\" content=\"wavemind\" \/><meta itemprop=\"interactionType\" content=\"https:\/\/schema.org\/CommentAction\" \/><meta itemprop=\"userInteractionCount\" content=\"0\" \/>\n        \t<p>Merci encore de m&#8217;avoir si bien accompagn\u00e9 \u00e0 travers le processus UCAS et d&#8217;avoir contribu\u00e9 \u00e0 l&#8217;aboutissement d&#8217;un excellent Personal Statement !<\/p>\n                Roman I.<br \/>\n                Belgique\n                Coaching universitario\n\t<meta itemscope itemprop=\"mainEntityOfPage\" itemtype=\"https:\/\/schema.org\/WebPage\" itemid=\"https:\/\/educom.ch\/it\/testimonial\/coaching-universitaire-oscar-f\/\" content=\"Coaching universitaire &#8211; Oscar F.\" \/><meta itemprop=\"datePublished\" content=\"2022-11-30\" \/><meta itemprop=\"dateModified\" content=\"2022-11-30\" \/><meta itemprop=\"name\" content=\"EDUCOM\"\/><meta itemprop=\"url\" content=\"https:\/\/educom.ch\/it\/author\/wavemind\/\" \/><meta itemprop=\"name\" content=\"wavemind\" \/><meta itemprop=\"interactionType\" content=\"https:\/\/schema.org\/CommentAction\" \/><meta itemprop=\"userInteractionCount\" content=\"0\" \/>\n        \t<p>Je vous transfert avec immense joie mon offre de LSE !<\/p>\n                Oscar F.<br \/>\n                Paris, France\n                Coaching universitario\n\t<meta itemscope itemprop=\"mainEntityOfPage\" itemtype=\"https:\/\/schema.org\/WebPage\" itemid=\"https:\/\/educom.ch\/it\/testimonial\/coaching-universitaire-ferreol-a\/\" content=\"Coaching universitaire &#8211; Ferr\u00e9ol A.\" \/><meta itemprop=\"datePublished\" content=\"2022-11-30\" \/><meta itemprop=\"dateModified\" content=\"2022-12-06\" \/><meta itemprop=\"name\" content=\"EDUCOM\"\/><meta itemprop=\"url\" content=\"https:\/\/educom.ch\/it\/author\/wavemind\/\" \/><meta itemprop=\"name\" content=\"wavemind\" \/><meta itemprop=\"interactionType\" content=\"https:\/\/schema.org\/CommentAction\" \/><meta itemprop=\"userInteractionCount\" content=\"0\" \/>\n        \t<p>Voici, ci-joint, ma lettre d&#8217;acceptation \u00e0 KING&#8217;s !!!<\/p>\n<p>De plus, je viens d&#8217;apprendre que j&#8217;ai \u00e9t\u00e9 accept\u00e9 \u00e0 McGill ARTS sous condition d&#8217;obtention du bac !<\/p>\n<p>Merci beaucoup de m&#8217;avoir accompagn\u00e9 tout au long du processus.<\/p>\n                Ferr\u00e9ol A.<br \/>\n                Paris, France\n                Coaching universitario\n\t\t<!-- .pp-content-posts -->\n\t\t\t<a href=\"https:\/\/educom.ch\/it\/dicono-di-noi\/\" target=\"_self\" role=\"button\" rel=\"noopener\">\n\t\t\t\t\t\t\tTutte le testimonianze\n\t\t\t\t\t<\/a>\n<h2>\n\t\tDubbi ?\n\t<\/h2>\n\t\t\t\tA cosa serve il coaching universitario ?\n\t\t\t\t<p>Il coaching universitario permette di individuare le universit\u00e0 piu calzanti a seconda del profilo dell&#8217;allievo\/a.<\/p>\n<p>Ogni richiesta viene studiata in modo approfondito per poter garantire una strategia realistica e ottenere il maggior numero possibile di offerte !<\/p>\n<p>Tutti sognano Oxford, Cambridge, Harvard o Yale&#8230; ma non tutti gli studenti hanno il profilo accademico richiesto per questi studi&#8230; L&#8217;obiettivo \u00e8 trovare l&#8217;universit\u00e0 o le universit\u00e0 giuste che corrispondano alle potenzialit\u00e0 e alle esigenze di ciascuno.<\/p>\n<p>Poi \u00e8 necessario valutare i criteri di ammissione con l&#8217;allievo\/a :<\/p>\n<ul>\n<li>Il livello di inglese richiesto.<\/li>\n<li>Le materie che sono essenziali per il suo curriculum scolastico.<\/li>\n<li>La media accademica richiesta (predicted grade).<\/li>\n<\/ul>\n<p>Infine, EDUCOM assister\u00e0 lo studente a mettere in risalto il proprio percorso accademico, attraverso una dichiarazione personale o una lettera di presentazione. Che si tratti di una laurea in economia, storia dell&#8217;arte, biotecnologia o sociologia, il nostro ruolo \u00e8 quello di incoraggiare gli studenti a sviluppare le loro idee in modo coerente e pertinente, in modo da ottenere un testo fluido e incisivo. <\/p>\n\t\t\t\tQuando iniziare a preparare la domanda di ammissione all&#8217;universit\u00e0 ?\n\t\t\t\t<p>La preparazione di una domanda pu\u00f2 richiedere molto tempo! Non va dimenticato che ci\u00f2 deve avvenire parallelamente alla fase finale del percorso scolastico dello studente. <\/p>\n<p>Per evitare brutte sorprese, vi consigliamo di individuare le universit\u00e0 che vi interessano durante l&#8217;ultimo trimestre del penultimo anno accademico. In seguito, sar\u00e0 necessario mettersi all&#8217;opera seriamente dal mese di settembre dell&#8217;ultimo anno. <\/p>\n<p>La deadline di ammissione nella maggior parte delle universit\u00e0 \u00e8 nel mese di gennaio.<\/p>\n<p>Per poter preparare la domanda di ammissione senza stress e in modo effettivo, si richiedono circa due mesi.<\/p>\n\t\t\t\tPosso iscrivermi a diverse universit\u00e0 di diversi paesi ?\n\t\t\t\t<p>Certamente, \u00e8 possibile iscriversi a varie universit\u00e0 in diversi paesi !<\/p>\n<p>Ma attenzione: le procedure possono cambiare da un paese all&#8217;altro. \u00c8 molto importante, prima di intraprendere le iscrizioni, avere una chiara strategia generale per identificare il volume di lavoro richiesto e garantire che questo sia compatibile con il carico di studio richiesto durante l&#8217;ultimo anno dalla scuola frequentata. <\/p>\n<p>EDUCOM vi aiuta a stabilire un planning dettagliato per tutte le fasi, in modo d&#8217;avere tempo sufficiente per preparare una domanda di ammissione di qualit\u00e0 e senza stress.<\/p>\n\t\t\t\tChe livello di inglese \u00e8 richiesto per iscriversi ad una laurea universitaria all&#8217;estero ?\n\t\t\t\t<p>Solitamente il livello di inglese richiesto \u00e8 il C1 che corrisponde a un IELTS 6.5-7.0.<\/p>\n<p>Si consiglia di validare sempre prima i criteri di ammissione con EDUCOM.<\/p>\n<p>Se lo studente non ha il livello di inglese richiesto per gli studi all&#8217;estero, si consiglia vivamente di frequentare un Anno di Preparazione.<\/p>\n\n","protected":false},"excerpt":{"rendered":"<p>Le nostre soluzioni Titre secondaire Il coaching universitario ha lo scopo di aiutare i vostri figli a scegliere le universit\u00e0 adatte al loro profilo e accompagnarli in tutto il percorso di ammissione. Specializzata in coaching universitario, Aur\u00e9lie Panchaud vi aiuta a determinare una strategia di selezione adatta al profilo dello studente (paese di studio, ambito&hellip;<\/p>\n","protected":false},"author":1,"featured_media":967,"parent":0,"menu_order":0,"comment_status":"closed","ping_status":"closed","template":"","meta":{"_acf_changed":false,"footnotes":""},"class_list":["post-1020","page","type-page","status-publish","has-post-thumbnail","hentry"],"acf":[],"yoast_head":"<!-- This site is optimized with the Yoast SEO plugin v26.7 - https:\/\/yoast.com\/wordpress\/plugins\/seo\/ -->\n<title>Coaching universitario - EDUCOM<\/title>\n<meta name=\"robots\" content=\"index, follow, max-snippet:-1, max-image-preview:large, max-video-preview:-1\" \/>\n<link rel=\"canonical\" href=\"https:\/\/educom.ch\/it\/coaching-universitario\/\" \/>\n<meta property=\"og:locale\" content=\"it_IT\" \/>\n<meta property=\"og:type\" content=\"article\" \/>\n<meta property=\"og:title\" content=\"Coaching universitario - EDUCOM\" \/>\n<meta property=\"og:description\" content=\"Le nostre soluzioni Titre secondaire Il coaching universitario ha lo scopo di aiutare i vostri figli a scegliere le universit\u00e0 adatte al loro profilo e accompagnarli in tutto il percorso di ammissione. Specializzata in coaching universitario, Aur\u00e9lie Panchaud vi aiuta a determinare una strategia di selezione adatta al profilo dello studente (paese di studio, ambito&hellip;\" \/>\n<meta property=\"og:url\" content=\"https:\/\/educom.ch\/it\/coaching-universitario\/\" \/>\n<meta property=\"og:site_name\" content=\"EDUCOM\" \/>\n<meta property=\"article:publisher\" content=\"https:\/\/www.facebook.com\/educom.ch\/\" \/>\n<meta property=\"article:modified_time\" content=\"2025-12-12T13:43:10+00:00\" \/>\n<meta property=\"og:image\" content=\"https:\/\/educom.ch\/wp-content\/uploads\/2022\/11\/background_coaching_universitaire_educom.jpg\" \/>\n\t<meta property=\"og:image:width\" content=\"1772\" \/>\n\t<meta property=\"og:image:height\" content=\"1181\" \/>\n\t<meta property=\"og:image:type\" content=\"image\/jpeg\" \/>\n<meta name=\"twitter:card\" content=\"summary_large_image\" \/>\n<meta name=\"twitter:label1\" content=\"Tempo di lettura stimato\" \/>\n\t<meta name=\"twitter:data1\" content=\"5 minuti\" \/>\n<script type=\"application\/ld+json\" class=\"yoast-schema-graph\">{\"@context\":\"https:\/\/schema.org\",\"@graph\":[{\"@type\":\"WebPage\",\"@id\":\"https:\/\/educom.ch\/it\/coaching-universitario\/\",\"url\":\"https:\/\/educom.ch\/it\/coaching-universitario\/\",\"name\":\"Coaching universitario - EDUCOM\",\"isPartOf\":{\"@id\":\"https:\/\/educom.ch\/it\/#website\"},\"primaryImageOfPage\":{\"@id\":\"https:\/\/educom.ch\/it\/coaching-universitario\/#primaryimage\"},\"image\":{\"@id\":\"https:\/\/educom.ch\/it\/coaching-universitario\/#primaryimage\"},\"thumbnailUrl\":\"https:\/\/educom.ch\/wp-content\/uploads\/2022\/11\/background_coaching_universitaire_educom.jpg\",\"datePublished\":\"2022-11-24T12:47:09+00:00\",\"dateModified\":\"2025-12-12T13:43:10+00:00\",\"breadcrumb\":{\"@id\":\"https:\/\/educom.ch\/it\/coaching-universitario\/#breadcrumb\"},\"inLanguage\":\"it-IT\",\"potentialAction\":[{\"@type\":\"ReadAction\",\"target\":[\"https:\/\/educom.ch\/it\/coaching-universitario\/\"]}]},{\"@type\":\"ImageObject\",\"inLanguage\":\"it-IT\",\"@id\":\"https:\/\/educom.ch\/it\/coaching-universitario\/#primaryimage\",\"url\":\"https:\/\/educom.ch\/wp-content\/uploads\/2022\/11\/background_coaching_universitaire_educom.jpg\",\"contentUrl\":\"https:\/\/educom.ch\/wp-content\/uploads\/2022\/11\/background_coaching_universitaire_educom.jpg\",\"width\":1772,\"height\":1181,\"caption\":\"Boston\"},{\"@type\":\"BreadcrumbList\",\"@id\":\"https:\/\/educom.ch\/it\/coaching-universitario\/#breadcrumb\",\"itemListElement\":[{\"@type\":\"ListItem\",\"position\":1,\"name\":\"Accueil\",\"item\":\"https:\/\/educom.ch\/it\/homepage\/\"},{\"@type\":\"ListItem\",\"position\":2,\"name\":\"Coaching universitario\"}]},{\"@type\":\"WebSite\",\"@id\":\"https:\/\/educom.ch\/it\/#website\",\"url\":\"https:\/\/educom.ch\/it\/\",\"name\":\"EDUCOM\",\"description\":\"Conseils en Education Internationale\",\"publisher\":{\"@id\":\"https:\/\/educom.ch\/it\/#organization\"},\"potentialAction\":[{\"@type\":\"SearchAction\",\"target\":{\"@type\":\"EntryPoint\",\"urlTemplate\":\"https:\/\/educom.ch\/it\/?s={search_term_string}\"},\"query-input\":{\"@type\":\"PropertyValueSpecification\",\"valueRequired\":true,\"valueName\":\"search_term_string\"}}],\"inLanguage\":\"it-IT\"},{\"@type\":\"Organization\",\"@id\":\"https:\/\/educom.ch\/it\/#organization\",\"name\":\"EDUCOM\",\"url\":\"https:\/\/educom.ch\/it\/\",\"logo\":{\"@type\":\"ImageObject\",\"inLanguage\":\"it-IT\",\"@id\":\"https:\/\/educom.ch\/it\/#\/schema\/logo\/image\/\",\"url\":\"https:\/\/educom.ch\/wp-content\/uploads\/2022\/11\/logo-educom-white.svg\",\"contentUrl\":\"https:\/\/educom.ch\/wp-content\/uploads\/2022\/11\/logo-educom-white.svg\",\"width\":1,\"height\":1,\"caption\":\"EDUCOM\"},\"image\":{\"@id\":\"https:\/\/educom.ch\/it\/#\/schema\/logo\/image\/\"},\"sameAs\":[\"https:\/\/www.facebook.com\/educom.ch\/\"]}]}<\/script>\n<!-- \/ Yoast SEO plugin. -->","yoast_head_json":{"title":"Coaching universitario - EDUCOM","robots":{"index":"index","follow":"follow","max-snippet":"max-snippet:-1","max-image-preview":"max-image-preview:large","max-video-preview":"max-video-preview:-1"},"canonical":"https:\/\/educom.ch\/it\/coaching-universitario\/","og_locale":"it_IT","og_type":"article","og_title":"Coaching universitario - EDUCOM","og_description":"Le nostre soluzioni Titre secondaire Il coaching universitario ha lo scopo di aiutare i vostri figli a scegliere le universit\u00e0 adatte al loro profilo e accompagnarli in tutto il percorso di ammissione. Specializzata in coaching universitario, Aur\u00e9lie Panchaud vi aiuta a determinare una strategia di selezione adatta al profilo dello studente (paese di studio, ambito&hellip;","og_url":"https:\/\/educom.ch\/it\/coaching-universitario\/","og_site_name":"EDUCOM","article_publisher":"https:\/\/www.facebook.com\/educom.ch\/","article_modified_time":"2025-12-12T13:43:10+00:00","og_image":[{"width":1772,"height":1181,"url":"https:\/\/educom.ch\/wp-content\/uploads\/2022\/11\/background_coaching_universitaire_educom.jpg","type":"image\/jpeg"}],"twitter_card":"summary_large_image","twitter_misc":{"Tempo di lettura stimato":"5 minuti"},"schema":{"@context":"https:\/\/schema.org","@graph":[{"@type":"WebPage","@id":"https:\/\/educom.ch\/it\/coaching-universitario\/","url":"https:\/\/educom.ch\/it\/coaching-universitario\/","name":"Coaching universitario - EDUCOM","isPartOf":{"@id":"https:\/\/educom.ch\/it\/#website"},"primaryImageOfPage":{"@id":"https:\/\/educom.ch\/it\/coaching-universitario\/#primaryimage"},"image":{"@id":"https:\/\/educom.ch\/it\/coaching-universitario\/#primaryimage"},"thumbnailUrl":"https:\/\/educom.ch\/wp-content\/uploads\/2022\/11\/background_coaching_universitaire_educom.jpg","datePublished":"2022-11-24T12:47:09+00:00","dateModified":"2025-12-12T13:43:10+00:00","breadcrumb":{"@id":"https:\/\/educom.ch\/it\/coaching-universitario\/#breadcrumb"},"inLanguage":"it-IT","potentialAction":[{"@type":"ReadAction","target":["https:\/\/educom.ch\/it\/coaching-universitario\/"]}]},{"@type":"ImageObject","inLanguage":"it-IT","@id":"https:\/\/educom.ch\/it\/coaching-universitario\/#primaryimage","url":"https:\/\/educom.ch\/wp-content\/uploads\/2022\/11\/background_coaching_universitaire_educom.jpg","contentUrl":"https:\/\/educom.ch\/wp-content\/uploads\/2022\/11\/background_coaching_universitaire_educom.jpg","width":1772,"height":1181,"caption":"Boston"},{"@type":"BreadcrumbList","@id":"https:\/\/educom.ch\/it\/coaching-universitario\/#breadcrumb","itemListElement":[{"@type":"ListItem","position":1,"name":"Accueil","item":"https:\/\/educom.ch\/it\/homepage\/"},{"@type":"ListItem","position":2,"name":"Coaching universitario"}]},{"@type":"WebSite","@id":"https:\/\/educom.ch\/it\/#website","url":"https:\/\/educom.ch\/it\/","name":"EDUCOM","description":"Conseils en Education Internationale","publisher":{"@id":"https:\/\/educom.ch\/it\/#organization"},"potentialAction":[{"@type":"SearchAction","target":{"@type":"EntryPoint","urlTemplate":"https:\/\/educom.ch\/it\/?s={search_term_string}"},"query-input":{"@type":"PropertyValueSpecification","valueRequired":true,"valueName":"search_term_string"}}],"inLanguage":"it-IT"},{"@type":"Organization","@id":"https:\/\/educom.ch\/it\/#organization","name":"EDUCOM","url":"https:\/\/educom.ch\/it\/","logo":{"@type":"ImageObject","inLanguage":"it-IT","@id":"https:\/\/educom.ch\/it\/#\/schema\/logo\/image\/","url":"https:\/\/educom.ch\/wp-content\/uploads\/2022\/11\/logo-educom-white.svg","contentUrl":"https:\/\/educom.ch\/wp-content\/uploads\/2022\/11\/logo-educom-white.svg","width":1,"height":1,"caption":"EDUCOM"},"image":{"@id":"https:\/\/educom.ch\/it\/#\/schema\/logo\/image\/"},"sameAs":["https:\/\/www.facebook.com\/educom.ch\/"]}]}},"_links":{"self":[{"href":"https:\/\/educom.ch\/it\/wp-json\/wp\/v2\/pages\/1020","targetHints":{"allow":["GET"]}}],"collection":[{"href":"https:\/\/educom.ch\/it\/wp-json\/wp\/v2\/pages"}],"about":[{"href":"https:\/\/educom.ch\/it\/wp-json\/wp\/v2\/types\/page"}],"author":[{"embeddable":true,"href":"https:\/\/educom.ch\/it\/wp-json\/wp\/v2\/users\/1"}],"replies":[{"embeddable":true,"href":"https:\/\/educom.ch\/it\/wp-json\/wp\/v2\/comments?post=1020"}],"version-history":[{"count":2,"href":"https:\/\/educom.ch\/it\/wp-json\/wp\/v2\/pages\/1020\/revisions"}],"predecessor-version":[{"id":1428,"href":"https:\/\/educom.ch\/it\/wp-json\/wp\/v2\/pages\/1020\/revisions\/1428"}],"wp:featuredmedia":[{"embeddable":true,"href":"https:\/\/educom.ch\/it\/wp-json\/wp\/v2\/media\/967"}],"wp:attachment":[{"href":"https:\/\/educom.ch\/it\/wp-json\/wp\/v2\/media?parent=1020"}],"curies":[{"name":"wp","href":"https:\/\/api.w.org\/{rel}","templated":true}]}}