{"id":1361,"date":"2024-01-10T11:12:37","date_gmt":"2024-01-10T10:12:37","guid":{"rendered":"https:\/\/educom.ch\/personale-esterno\/"},"modified":"2024-05-13T20:27:23","modified_gmt":"2024-05-13T18:27:23","slug":"personale-esterno","status":"publish","type":"page","link":"https:\/\/educom.ch\/it\/personale-esterno\/","title":{"rendered":"Personale Esterno"},"content":{"rendered":"\n\n\t\t<h1>\n\t\t\tInformazioni\n\t\t\t\t\t\t\t\t\t\t\tTitre secondaire\n\t\t<\/h1>\n\t<p>Per potenziare la squadra su vari mercati, Educom ha creato delle partnerships con specialiste locali, animate dalla medesima passione per l&#8217;educazione: supportano il lavoro della squadra, contribuendo allo sviluppo della rete di clienti. <\/p>\n\t\t\t\t<img loading=\"lazy\" decoding=\"async\" src=\"https:\/\/educom.ch\/wp-content\/uploads\/2024\/01\/Dagmar_Brenneisen.jpg\" alt=\"27.11.23 Dagmar Brenneisen aus Speyer ist freie Lektorin und \u00dcbersetzerin f\u00fcr die Sprachen Englisch, Franz\u00f6sisch und Deutsch\" itemprop=\"image\" height=\"800\" width=\"800\" title=\"Dagmar Brenneisen Speyer\" onerror=\"this.style.display='none'\"  \/>\n<h2>\n\t\tDagmar Brenneisen\n\t<\/h2>\n\t<p>Dagmar, madre di tre figli maschi, ha sempre nutrito uno spiccato interesse nel campo di educazione internazionale. In seguito al Master in Lingue e Letterature straniere ( Inglese,Francese, Spagnolo) e dopo la sua formazione come insegnante di scuola secondaria, Dagmar ha vissuto e lavorato in Francia, Svizzera e Stati Uniti per numerosi anni. Dal 1999, ha operato come consulente per una societ\u00e0 tedesca specializzata in ricerche e selezioni di collegi e soggiorni linguistici. Insieme a Carol Panchaud hanno collaborato per organizzare la filiale svizzera a Ginevra.   <\/p>\n<p>Da oltre 20 anni Dagmar lavora come traduttrice letteraria. Nella primavera del 2023 ha colto l&#8217;opportunit\u00e0 di raggiungere nuovamente Carol presso EDUCOM come consulente in educazione internazionale. Dagmar oggi dispensa i suoi consigli alle famiglie ed ai ragazzi per soggiorni in paesi germanici.  <\/p>\n\t\t\t\t<img loading=\"lazy\" decoding=\"async\" src=\"https:\/\/educom.ch\/wp-content\/uploads\/2024\/01\/Barbara_Zanon-1.jpg\" alt=\"Barbara_Zanon\" itemprop=\"image\" height=\"800\" width=\"800\" title=\"Barbara_Zanon\" onerror=\"this.style.display='none'\"  \/>\n<h2>\n\t\tBarbara Zanon\n\t<\/h2>\n\t<p>Madre di quattro figli, Barbara si \u00e8 sempre molto coinvolta con le associazione dei genitori durante gli anni scolastici dei propri figli. \u00c8 titolare di una laurea in Studi internazionali e di un Master in media e Comunicazione. Per numerosi anni ha partecipato attivamente all&#8217;impresa di famiglia e ha collaborato nel volontariato per la raccolta di fondi tramite un evento per la Croce Rossa Svizzera.  <\/p>\n<p>Incontrando Carol dal lato professionale, per ricevere dei consigli in campo educativo, Barbara ha in seguito raggiunto EDUCOM nel 2008 per sviluppare la rete( il network italiano ou clientela italiana car je n&#8217;aime pas trop rete) italiana\/o. Pur vivendo in Svizzera da pi\u00f9 di 40 anni, Barbara e la sua famiglia mantengono legami molto stretti con l&#8217;Italia. <\/p>\n\n","protected":false},"excerpt":{"rendered":"<p>Informazioni Titre secondaire Per potenziare la squadra su vari mercati, Educom ha creato delle partnerships con specialiste locali, animate dalla medesima passione per l&#8217;educazione: supportano il lavoro della squadra, contribuendo allo sviluppo della rete di clienti. Dagmar Brenneisen Dagmar, madre di tre figli maschi, ha sempre nutrito uno spiccato interesse nel campo di educazione internazionale.&hellip;<\/p>\n","protected":false},"author":1,"featured_media":0,"parent":0,"menu_order":0,"comment_status":"closed","ping_status":"closed","template":"","meta":{"_acf_changed":false,"footnotes":""},"class_list":["post-1361","page","type-page","status-publish","hentry"],"acf":[],"yoast_head":"<!-- This site is optimized with the Yoast SEO plugin v26.7 - https:\/\/yoast.com\/wordpress\/plugins\/seo\/ -->\n<title>Personale Esterno - EDUCOM<\/title>\n<meta name=\"robots\" content=\"index, follow, max-snippet:-1, max-image-preview:large, max-video-preview:-1\" \/>\n<link rel=\"canonical\" href=\"https:\/\/educom.ch\/it\/personale-esterno\/\" \/>\n<meta property=\"og:locale\" content=\"it_IT\" \/>\n<meta property=\"og:type\" content=\"article\" \/>\n<meta property=\"og:title\" content=\"Personale Esterno - EDUCOM\" \/>\n<meta property=\"og:description\" content=\"Informazioni Titre secondaire Per potenziare la squadra su vari mercati, Educom ha creato delle partnerships con specialiste locali, animate dalla medesima passione per l&#8217;educazione: supportano il lavoro della squadra, contribuendo allo sviluppo della rete di clienti. Dagmar Brenneisen Dagmar, madre di tre figli maschi, ha sempre nutrito uno spiccato interesse nel campo di educazione internazionale.&hellip;\" \/>\n<meta property=\"og:url\" content=\"https:\/\/educom.ch\/it\/personale-esterno\/\" \/>\n<meta property=\"og:site_name\" content=\"EDUCOM\" \/>\n<meta property=\"article:publisher\" content=\"https:\/\/www.facebook.com\/educom.ch\/\" \/>\n<meta property=\"article:modified_time\" content=\"2024-05-13T18:27:23+00:00\" \/>\n<meta property=\"og:image\" content=\"https:\/\/educom.ch\/wp-content\/uploads\/2024\/01\/Dagmar_Brenneisen.jpg\" \/>\n<meta name=\"twitter:card\" content=\"summary_large_image\" \/>\n<meta name=\"twitter:label1\" content=\"Tempo di lettura stimato\" \/>\n\t<meta name=\"twitter:data1\" content=\"1 minuto\" \/>\n<script type=\"application\/ld+json\" class=\"yoast-schema-graph\">{\"@context\":\"https:\/\/schema.org\",\"@graph\":[{\"@type\":\"WebPage\",\"@id\":\"https:\/\/educom.ch\/it\/personale-esterno\/\",\"url\":\"https:\/\/educom.ch\/it\/personale-esterno\/\",\"name\":\"Personale Esterno - EDUCOM\",\"isPartOf\":{\"@id\":\"https:\/\/educom.ch\/it\/#website\"},\"primaryImageOfPage\":{\"@id\":\"https:\/\/educom.ch\/it\/personale-esterno\/#primaryimage\"},\"image\":{\"@id\":\"https:\/\/educom.ch\/it\/personale-esterno\/#primaryimage\"},\"thumbnailUrl\":\"https:\/\/educom.ch\/wp-content\/uploads\/2024\/01\/Dagmar_Brenneisen.jpg\",\"datePublished\":\"2024-01-10T10:12:37+00:00\",\"dateModified\":\"2024-05-13T18:27:23+00:00\",\"breadcrumb\":{\"@id\":\"https:\/\/educom.ch\/it\/personale-esterno\/#breadcrumb\"},\"inLanguage\":\"it-IT\",\"potentialAction\":[{\"@type\":\"ReadAction\",\"target\":[\"https:\/\/educom.ch\/it\/personale-esterno\/\"]}]},{\"@type\":\"ImageObject\",\"inLanguage\":\"it-IT\",\"@id\":\"https:\/\/educom.ch\/it\/personale-esterno\/#primaryimage\",\"url\":\"https:\/\/educom.ch\/wp-content\/uploads\/2024\/01\/Dagmar_Brenneisen.jpg\",\"contentUrl\":\"https:\/\/educom.ch\/wp-content\/uploads\/2024\/01\/Dagmar_Brenneisen.jpg\"},{\"@type\":\"BreadcrumbList\",\"@id\":\"https:\/\/educom.ch\/it\/personale-esterno\/#breadcrumb\",\"itemListElement\":[{\"@type\":\"ListItem\",\"position\":1,\"name\":\"Accueil\",\"item\":\"https:\/\/educom.ch\/it\/homepage\/\"},{\"@type\":\"ListItem\",\"position\":2,\"name\":\"Personale Esterno\"}]},{\"@type\":\"WebSite\",\"@id\":\"https:\/\/educom.ch\/it\/#website\",\"url\":\"https:\/\/educom.ch\/it\/\",\"name\":\"EDUCOM\",\"description\":\"Conseils en Education Internationale\",\"publisher\":{\"@id\":\"https:\/\/educom.ch\/it\/#organization\"},\"potentialAction\":[{\"@type\":\"SearchAction\",\"target\":{\"@type\":\"EntryPoint\",\"urlTemplate\":\"https:\/\/educom.ch\/it\/?s={search_term_string}\"},\"query-input\":{\"@type\":\"PropertyValueSpecification\",\"valueRequired\":true,\"valueName\":\"search_term_string\"}}],\"inLanguage\":\"it-IT\"},{\"@type\":\"Organization\",\"@id\":\"https:\/\/educom.ch\/it\/#organization\",\"name\":\"EDUCOM\",\"url\":\"https:\/\/educom.ch\/it\/\",\"logo\":{\"@type\":\"ImageObject\",\"inLanguage\":\"it-IT\",\"@id\":\"https:\/\/educom.ch\/it\/#\/schema\/logo\/image\/\",\"url\":\"https:\/\/educom.ch\/wp-content\/uploads\/2022\/11\/logo-educom-white.svg\",\"contentUrl\":\"https:\/\/educom.ch\/wp-content\/uploads\/2022\/11\/logo-educom-white.svg\",\"width\":1,\"height\":1,\"caption\":\"EDUCOM\"},\"image\":{\"@id\":\"https:\/\/educom.ch\/it\/#\/schema\/logo\/image\/\"},\"sameAs\":[\"https:\/\/www.facebook.com\/educom.ch\/\"]}]}<\/script>\n<!-- \/ Yoast SEO plugin. -->","yoast_head_json":{"title":"Personale Esterno - EDUCOM","robots":{"index":"index","follow":"follow","max-snippet":"max-snippet:-1","max-image-preview":"max-image-preview:large","max-video-preview":"max-video-preview:-1"},"canonical":"https:\/\/educom.ch\/it\/personale-esterno\/","og_locale":"it_IT","og_type":"article","og_title":"Personale Esterno - EDUCOM","og_description":"Informazioni Titre secondaire Per potenziare la squadra su vari mercati, Educom ha creato delle partnerships con specialiste locali, animate dalla medesima passione per l&#8217;educazione: supportano il lavoro della squadra, contribuendo allo sviluppo della rete di clienti. Dagmar Brenneisen Dagmar, madre di tre figli maschi, ha sempre nutrito uno spiccato interesse nel campo di educazione internazionale.&hellip;","og_url":"https:\/\/educom.ch\/it\/personale-esterno\/","og_site_name":"EDUCOM","article_publisher":"https:\/\/www.facebook.com\/educom.ch\/","article_modified_time":"2024-05-13T18:27:23+00:00","og_image":[{"url":"https:\/\/educom.ch\/wp-content\/uploads\/2024\/01\/Dagmar_Brenneisen.jpg","type":"","width":"","height":""}],"twitter_card":"summary_large_image","twitter_misc":{"Tempo di lettura stimato":"1 minuto"},"schema":{"@context":"https:\/\/schema.org","@graph":[{"@type":"WebPage","@id":"https:\/\/educom.ch\/it\/personale-esterno\/","url":"https:\/\/educom.ch\/it\/personale-esterno\/","name":"Personale Esterno - EDUCOM","isPartOf":{"@id":"https:\/\/educom.ch\/it\/#website"},"primaryImageOfPage":{"@id":"https:\/\/educom.ch\/it\/personale-esterno\/#primaryimage"},"image":{"@id":"https:\/\/educom.ch\/it\/personale-esterno\/#primaryimage"},"thumbnailUrl":"https:\/\/educom.ch\/wp-content\/uploads\/2024\/01\/Dagmar_Brenneisen.jpg","datePublished":"2024-01-10T10:12:37+00:00","dateModified":"2024-05-13T18:27:23+00:00","breadcrumb":{"@id":"https:\/\/educom.ch\/it\/personale-esterno\/#breadcrumb"},"inLanguage":"it-IT","potentialAction":[{"@type":"ReadAction","target":["https:\/\/educom.ch\/it\/personale-esterno\/"]}]},{"@type":"ImageObject","inLanguage":"it-IT","@id":"https:\/\/educom.ch\/it\/personale-esterno\/#primaryimage","url":"https:\/\/educom.ch\/wp-content\/uploads\/2024\/01\/Dagmar_Brenneisen.jpg","contentUrl":"https:\/\/educom.ch\/wp-content\/uploads\/2024\/01\/Dagmar_Brenneisen.jpg"},{"@type":"BreadcrumbList","@id":"https:\/\/educom.ch\/it\/personale-esterno\/#breadcrumb","itemListElement":[{"@type":"ListItem","position":1,"name":"Accueil","item":"https:\/\/educom.ch\/it\/homepage\/"},{"@type":"ListItem","position":2,"name":"Personale Esterno"}]},{"@type":"WebSite","@id":"https:\/\/educom.ch\/it\/#website","url":"https:\/\/educom.ch\/it\/","name":"EDUCOM","description":"Conseils en Education Internationale","publisher":{"@id":"https:\/\/educom.ch\/it\/#organization"},"potentialAction":[{"@type":"SearchAction","target":{"@type":"EntryPoint","urlTemplate":"https:\/\/educom.ch\/it\/?s={search_term_string}"},"query-input":{"@type":"PropertyValueSpecification","valueRequired":true,"valueName":"search_term_string"}}],"inLanguage":"it-IT"},{"@type":"Organization","@id":"https:\/\/educom.ch\/it\/#organization","name":"EDUCOM","url":"https:\/\/educom.ch\/it\/","logo":{"@type":"ImageObject","inLanguage":"it-IT","@id":"https:\/\/educom.ch\/it\/#\/schema\/logo\/image\/","url":"https:\/\/educom.ch\/wp-content\/uploads\/2022\/11\/logo-educom-white.svg","contentUrl":"https:\/\/educom.ch\/wp-content\/uploads\/2022\/11\/logo-educom-white.svg","width":1,"height":1,"caption":"EDUCOM"},"image":{"@id":"https:\/\/educom.ch\/it\/#\/schema\/logo\/image\/"},"sameAs":["https:\/\/www.facebook.com\/educom.ch\/"]}]}},"_links":{"self":[{"href":"https:\/\/educom.ch\/it\/wp-json\/wp\/v2\/pages\/1361","targetHints":{"allow":["GET"]}}],"collection":[{"href":"https:\/\/educom.ch\/it\/wp-json\/wp\/v2\/pages"}],"about":[{"href":"https:\/\/educom.ch\/it\/wp-json\/wp\/v2\/types\/page"}],"author":[{"embeddable":true,"href":"https:\/\/educom.ch\/it\/wp-json\/wp\/v2\/users\/1"}],"replies":[{"embeddable":true,"href":"https:\/\/educom.ch\/it\/wp-json\/wp\/v2\/comments?post=1361"}],"version-history":[{"count":1,"href":"https:\/\/educom.ch\/it\/wp-json\/wp\/v2\/pages\/1361\/revisions"}],"predecessor-version":[{"id":1364,"href":"https:\/\/educom.ch\/it\/wp-json\/wp\/v2\/pages\/1361\/revisions\/1364"}],"wp:attachment":[{"href":"https:\/\/educom.ch\/it\/wp-json\/wp\/v2\/media?parent=1361"}],"curies":[{"name":"wp","href":"https:\/\/api.w.org\/{rel}","templated":true}]}}